{"id":517,"date":"2021-12-21T17:53:32","date_gmt":"2021-12-21T16:53:32","guid":{"rendered":"https:\/\/www.meleyacht.it\/?post_type=product&#038;p=517"},"modified":"2024-07-25T16:52:34","modified_gmt":"2024-07-25T14:52:34","slug":"azimut-62-fly","status":"publish","type":"product","link":"https:\/\/www.meleyacht.it\/?product=azimut-62-fly","title":{"rendered":"AZIMUT 62 FLY"},"content":{"rendered":"<p><section class=\"kc-elm kc-css-163723 kc_row\"><div class=\"kc-row-container  kc-container\"><div class=\"kc-wrap-columns\"><div class=\"kc-elm kc-css-810467 kc_col-sm-6 kc_column kc_col-sm-6\"><div class=\"kc-col-container\"><div class=\"kc-elm kc-css-988308 kc_row kc_row_inner\"><div class=\"kc-elm kc-css-29471 kc_col-sm-6 kc_column_inner kc_col-sm-6\"><div class=\"kc_wrapper kc-col-inner-container\"><div class=\"kc-elm kc-css-616424 kc_text_block\"><\/p>\n<p><strong>Cantiere:<\/strong><\/p>\n<p>\n<\/div><\/div><\/div><div class=\"kc-elm kc-css-326910 kc_col-sm-6 kc_column_inner kc_col-sm-6\"><div class=\"kc_wrapper kc-col-inner-container\"><div class=\"kc-elm kc-css-632743 kc_text_block\"><\/p>\n<p>Azimut<\/p>\n<p>\n<\/div><\/div><\/div><\/div><div class=\"kc-elm kc-css-919229 kc_row kc_row_inner\"><div class=\"kc-elm kc-css-228905 kc_col-sm-6 kc_column_inner kc_col-sm-6\"><div class=\"kc_wrapper kc-col-inner-container\"><div class=\"kc-elm kc-css-292019 kc_text_block\"><\/p>\n<p><strong>Modello:<\/strong><\/p>\n<p>\n<\/div><\/div><\/div><div class=\"kc-elm kc-css-827682 kc_col-sm-6 kc_column_inner kc_col-sm-6\"><div class=\"kc_wrapper kc-col-inner-container\"><div class=\"kc-elm kc-css-862925 kc_text_block\"><\/p>\n<p>62 Fly<\/p>\n<p>\n<\/div><\/div><\/div><\/div><div class=\"kc-elm kc-css-149329 kc_row kc_row_inner\"><div class=\"kc-elm kc-css-451477 kc_col-sm-6 kc_column_inner kc_col-sm-6\"><div class=\"kc_wrapper kc-col-inner-container\"><div class=\"kc-elm kc-css-341003 kc_text_block\"><\/p>\n<p><strong>Motori:<\/strong><\/p>\n<p>\n<\/div><\/div><\/div><div class=\"kc-elm kc-css-358206 kc_col-sm-6 kc_column_inner kc_col-sm-6\"><div class=\"kc_wrapper kc-col-inner-container\"><div class=\"kc-elm kc-css-375115 kc_text_block\"><\/p>\n<p>2&#215;1050 Cat<\/p>\n<p>\n<\/div><\/div><\/div><\/div><div class=\"kc-elm kc-css-275450 kc_row kc_row_inner\"><div class=\"kc-elm kc-css-692243 kc_col-sm-6 kc_column_inner kc_col-sm-6\"><div class=\"kc_wrapper kc-col-inner-container\"><div class=\"kc-elm kc-css-957615 kc_text_block\"><\/p>\n<p><strong>Larghezza:<\/strong><\/p>\n<p>\n<\/div><\/div><\/div><div class=\"kc-elm kc-css-513747 kc_col-sm-6 kc_column_inner kc_col-sm-6\"><div class=\"kc_wrapper kc-col-inner-container\"><div class=\"kc-elm kc-css-605228 kc_text_block\"><\/p>\n<p>5,05 mt<\/p>\n<p>\n<\/div><\/div><\/div><\/div><div class=\"kc-elm kc-css-400301 kc_row kc_row_inner\"><div class=\"kc-elm kc-css-743512 kc_col-sm-6 kc_column_inner kc_col-sm-6\"><div class=\"kc_wrapper kc-col-inner-container\"><div class=\"kc-elm kc-css-74646 kc_text_block\"><\/p>\n<p><strong>Lunghezza:<\/strong><\/p>\n<p>\n<\/div><\/div><\/div><div class=\"kc-elm kc-css-129893 kc_col-sm-6 kc_column_inner kc_col-sm-6\"><div class=\"kc_wrapper kc-col-inner-container\"><div class=\"kc-elm kc-css-353947 kc_text_block\"><\/p>\n<p>19,20 mt<\/p>\n<p>\n<\/div><\/div><\/div><\/div><div class=\"kc-elm kc-css-342664 kc_row kc_row_inner\"><div class=\"kc-elm kc-css-650449 kc_col-sm-6 kc_column_inner kc_col-sm-6\"><div class=\"kc_wrapper kc-col-inner-container\"><div class=\"kc-elm kc-css-623479 kc_text_block\"><\/p>\n<p><strong>Bandiera:<\/strong><\/p>\n<p>\n<\/div><\/div><\/div><div class=\"kc-elm kc-css-239161 kc_col-sm-6 kc_column_inner kc_col-sm-6\"><div class=\"kc_wrapper kc-col-inner-container\"><div class=\"kc-elm kc-css-783519 kc_text_block\"><\/p>\n<p>italiana<\/p>\n<p>\n<\/div><\/div><\/div><\/div><div class=\"kc-elm kc-css-253213 kc_row kc_row_inner\"><div class=\"kc-elm kc-css-856348 kc_col-sm-6 kc_column_inner kc_col-sm-6\"><div class=\"kc_wrapper kc-col-inner-container\"><div class=\"kc-elm kc-css-137453 kc_text_block\"><\/p>\n<p><strong>Anno Costruzione:<\/strong><\/p>\n<p>\n<\/div><\/div><\/div><div class=\"kc-elm kc-css-197747 kc_col-sm-6 kc_column_inner kc_col-sm-6\"><div class=\"kc_wrapper kc-col-inner-container\"><div class=\"kc-elm kc-css-561866 kc_text_block\"><\/p>\n<p>2006<\/p>\n<p>\n<\/div><\/div><\/div><\/div><div class=\"kc-elm kc-css-285279 kc_row kc_row_inner\"><div class=\"kc-elm kc-css-211469 kc_col-sm-6 kc_column_inner kc_col-sm-6\"><div class=\"kc_wrapper kc-col-inner-container\"><div class=\"kc-elm kc-css-918676 kc_text_block\"><\/p>\n<p><strong>Anno Immatricolazione:<\/strong><\/p>\n<p>\n<\/div><\/div><\/div><div class=\"kc-elm kc-css-725228 kc_col-sm-6 kc_column_inner kc_col-sm-6\"><div class=\"kc_wrapper kc-col-inner-container\"><div class=\"kc-elm kc-css-609451 kc_text_block\"><\/p>\n<p>2006<\/p>\n<p>\n<\/div><\/div><\/div><\/div><div class=\"kc-elm kc-css-933298 kc_row kc_row_inner\"><div class=\"kc-elm kc-css-139513 kc_col-sm-6 kc_column_inner kc_col-sm-6\"><div class=\"kc_wrapper kc-col-inner-container\"><div class=\"kc-elm kc-css-372775 kc_text_block\"><\/p>\n<p><strong>Tipo Barca:<\/strong><\/p>\n<p>\n<\/div><\/div><\/div><div class=\"kc-elm kc-css-717047 kc_col-sm-6 kc_column_inner kc_col-sm-6\"><div class=\"kc_wrapper kc-col-inner-container\"><div class=\"kc-elm kc-css-61921 kc_text_block\"><\/p>\n<p>fly<\/p>\n<p>\n<\/div><\/div><\/div><\/div><div class=\"kc-elm kc-css-989 kc_row kc_row_inner\"><div class=\"kc-elm kc-css-867361 kc_col-sm-6 kc_column_inner kc_col-sm-6\"><div class=\"kc_wrapper kc-col-inner-container\"><div class=\"kc-elm kc-css-357402 kc_text_block\"><\/p>\n<p><strong>Servizi:<\/strong><\/p>\n<p>\n<\/div><\/div><\/div><div class=\"kc-elm kc-css-849365 kc_col-sm-6 kc_column_inner kc_col-sm-6\"><div class=\"kc_wrapper kc-col-inner-container\"><div class=\"kc-elm kc-css-874597 kc_text_block\"><\/p>\n<p>3 + 1<\/p>\n<p>\n<\/div><\/div><\/div><\/div><div class=\"kc-elm kc-css-887931 kc_row kc_row_inner\"><div class=\"kc-elm kc-css-107936 kc_col-sm-6 kc_column_inner kc_col-sm-6\"><div class=\"kc_wrapper kc-col-inner-container\"><div class=\"kc-elm kc-css-671972 kc_text_block\"><\/p>\n<p><strong>Prezzo:<\/strong><\/p>\n<p>\n<\/div><\/div><\/div><div class=\"kc-elm kc-css-950388 kc_col-sm-6 kc_column_inner kc_col-sm-6\"><div class=\"kc_wrapper kc-col-inner-container\"><div class=\"kc-elm kc-css-328801 kc_text_block\"><\/p>\n<p>T.R.<\/p>\n<p>\n<\/div><\/div><\/div><\/div><\/div><\/div><div class=\"kc-elm kc-css-588299 kc_col-sm-6 kc_column kc_col-sm-6\"><div class=\"kc-col-container\"><div class=\"kc-elm kc-css-464946 kc_row kc_row_inner\"><div class=\"kc-elm kc-css-595630 kc_col-sm-6 kc_column_inner kc_col-sm-6\"><div class=\"kc_wrapper kc-col-inner-container\"><div class=\"kc-elm kc-css-333703 kc_text_block\"><\/p>\n<p><strong>Velocit\u00e0 Crociera:<\/strong><\/p>\n<p>\n<\/div><\/div><\/div><div class=\"kc-elm kc-css-992447 kc_col-sm-6 kc_column_inner kc_col-sm-6\"><div class=\"kc_wrapper kc-col-inner-container\"><div class=\"kc-elm kc-css-589683 kc_text_block\"><\/p>\n<p>27 Kn<\/p>\n<p>\n<\/div><\/div><\/div><\/div><div class=\"kc-elm kc-css-363483 kc_row kc_row_inner\"><div class=\"kc-elm kc-css-244750 kc_col-sm-6 kc_column_inner kc_col-sm-6\"><div class=\"kc_wrapper kc-col-inner-container\"><div class=\"kc-elm kc-css-578752 kc_text_block\"><\/p>\n<p><strong>Velocit\u00e0 Massima:<\/strong><\/p>\n<p>\n<\/div><\/div><\/div><div class=\"kc-elm kc-css-710014 kc_col-sm-6 kc_column_inner kc_col-sm-6\"><div class=\"kc_wrapper kc-col-inner-container\"><div class=\"kc-elm kc-css-868599 kc_text_block\"><\/p>\n<p>34Kn<\/p>\n<p>\n<\/div><\/div><\/div><\/div><div class=\"kc-elm kc-css-878579 kc_row kc_row_inner\"><div class=\"kc-elm kc-css-790348 kc_col-sm-6 kc_column_inner kc_col-sm-6\"><div class=\"kc_wrapper kc-col-inner-container\"><div class=\"kc-elm kc-css-455718 kc_text_block\"><\/p>\n<p><strong>Capacit\u00e0 serb. carburante:<\/strong><\/p>\n<p>\n<\/div><\/div><\/div><div class=\"kc-elm kc-css-47919 kc_col-sm-6 kc_column_inner kc_col-sm-6\"><div class=\"kc_wrapper kc-col-inner-container\"><div class=\"kc-elm kc-css-42229 kc_text_block\"><\/p>\n<p>1250lt<\/p>\n<p>\n<\/div><\/div><\/div><\/div><div class=\"kc-elm kc-css-111322 kc_row kc_row_inner\"><div class=\"kc-elm kc-css-853718 kc_col-sm-6 kc_column_inner kc_col-sm-6\"><div class=\"kc_wrapper kc-col-inner-container\"><div class=\"kc-elm kc-css-251028 kc_text_block\"><\/p>\n<p><strong>Capacit\u00e0 serb. acqua:<\/strong><\/p>\n<p>\n<\/div><\/div><\/div><div class=\"kc-elm kc-css-842546 kc_col-sm-6 kc_column_inner kc_col-sm-6\"><div class=\"kc_wrapper kc-col-inner-container\"><div class=\"kc-elm kc-css-859483 kc_text_block\"><\/p>\n<p>900 lt<\/p>\n<p>\n<\/div><\/div><\/div><\/div><div class=\"kc-elm kc-css-112161 kc_row kc_row_inner\"><div class=\"kc-elm kc-css-964342 kc_col-sm-6 kc_column_inner kc_col-sm-6\"><div class=\"kc_wrapper kc-col-inner-container\"><div class=\"kc-elm kc-css-939926 kc_text_block\"><\/p>\n<p><strong>Pescaggio:<\/strong><\/p>\n<p>\n<\/div><\/div><\/div><div class=\"kc-elm kc-css-290554 kc_col-sm-6 kc_column_inner kc_col-sm-6\"><div class=\"kc_wrapper kc-col-inner-container\"><div class=\"kc-elm kc-css-936193 kc_text_block\"><\/p>\n<p>1,20 mt<\/p>\n<p>\n<\/div><\/div><\/div><\/div><div class=\"kc-elm kc-css-151847 kc_row kc_row_inner\"><div class=\"kc-elm kc-css-973085 kc_col-sm-6 kc_column_inner kc_col-sm-6\"><div class=\"kc_wrapper kc-col-inner-container\"><div class=\"kc-elm kc-css-663849 kc_text_block\"><\/p>\n<p><strong>Dislocamento:<\/strong><\/p>\n<p>\n<\/div><\/div><\/div><div class=\"kc-elm kc-css-505271 kc_col-sm-6 kc_column_inner kc_col-sm-6\"><div class=\"kc_wrapper kc-col-inner-container\"><div class=\"kc-elm kc-css-63651 kc_text_block\"><\/p>\n<p>31000 Kg<\/p>\n<p>\n<\/div><\/div><\/div><\/div><div class=\"kc-elm kc-css-401231 kc_row kc_row_inner\"><div class=\"kc-elm kc-css-45831 kc_col-sm-6 kc_column_inner kc_col-sm-6\"><div class=\"kc_wrapper kc-col-inner-container\"><div class=\"kc-elm kc-css-958594 kc_text_block\"><\/p>\n<p><strong>Ore motore:<\/strong><\/p>\n<p>\n<\/div><\/div><\/div><div class=\"kc-elm kc-css-333528 kc_col-sm-6 kc_column_inner kc_col-sm-6\"><div class=\"kc_wrapper kc-col-inner-container\"><div class=\"kc-elm kc-css-116679 kc_text_block\"><\/p>\n<p>2100<\/p>\n<p>\n<\/div><\/div><\/div><\/div><div class=\"kc-elm kc-css-265093 kc_row kc_row_inner\"><div class=\"kc-elm kc-css-640102 kc_col-sm-6 kc_column_inner kc_col-sm-6\"><div class=\"kc_wrapper kc-col-inner-container\"><div class=\"kc-elm kc-css-696984 kc_text_block\"><\/p>\n<p><strong>Scadenza RINA:<\/strong><\/p>\n<p>\n<\/div><\/div><\/div><div class=\"kc-elm kc-css-351156 kc_col-sm-6 kc_column_inner kc_col-sm-6\"><div class=\"kc_wrapper kc-col-inner-container\"><div class=\"kc-elm kc-css-179586 kc_text_block\"><\/p>\n<p>2024<\/p>\n<p>\n<\/div><\/div><\/div><\/div><div class=\"kc-elm kc-css-177994 kc_row kc_row_inner\"><div class=\"kc-elm kc-css-732425 kc_col-sm-6 kc_column_inner kc_col-sm-6\"><div class=\"kc_wrapper kc-col-inner-container\"><div class=\"kc-elm kc-css-913945 kc_text_block\"><\/p>\n<p><strong>Cabine:<\/strong><\/p>\n<p>\n<\/div><\/div><\/div><div class=\"kc-elm kc-css-305779 kc_col-sm-6 kc_column_inner kc_col-sm-6\"><div class=\"kc_wrapper kc-col-inner-container\"><div class=\"kc-elm kc-css-328230 kc_text_block\"><\/p>\n<p>1<\/p>\n<p>\n<\/div><\/div><\/div><\/div><\/div><\/div><\/div><\/div><\/section><section class=\"kc-elm kc-css-137960 kc_row\"><div class=\"kc-row-container  kc-container\"><div class=\"kc-wrap-columns\"><div class=\"kc-elm kc-css-607276 kc_col-sm-6 kc_column kc_col-sm-6\"><div class=\"kc-col-container\"><\/div><\/div><div class=\"kc-elm kc-css-808247 kc_col-sm-6 kc_column kc_col-sm-6\"><div class=\"kc-col-container\">\n<div class=\"kc-elm kc-css-443270 kc-pro-button kc-button-3\">\n\t<a href=\"https:\/\/www.meleyacht.it\/?page_id=174\">\n\t\t<span class=\"creative_title\">RICHIEDI INFORMAZIONI<\/span>\t<\/a>\n<\/div>\n<\/div><\/div><\/div><\/div><\/section><section class=\"kc-elm kc-css-706723 kc_row\"><div class=\"kc-row-container  kc-container\"><div class=\"kc-wrap-columns\"><div class=\"kc-elm kc-css-265442 kc_col-sm-12 kc_column kc_col-sm-12\"><div class=\"kc-col-container\"><div class=\"kc-elm kc-css-149794 kc_text_block\"><\/p>\n<p>Caratteristiche Imbarcazione<\/p>\n<p>Aggressivo e raffinato, sportivo e grintoso, con linee e soluzioni di design sofisticate e aerodinamiche. \u00c8 questa la prima impressione che si ha dell\u2019Azimut 62. Su questa barca, com\u2019\u00e8 ormai tradizione nella produzione Azimut, le finestrature laterali, ampie per conferire la massima luminosit\u00e0 agli interni, riescono a caratterizzare in modo determinante il layout esterno, sia per la forma sia perch\u00e9 trattate a specchio. Il flying bridge appare estremamente filante, aerodinamico, oltre che caratterizzato un roll bar rialzato e posizionato centralmente. Inoltre, \u00e8 dotato di prendisole, zona living modulabile, bar, con stazione di governo a sinistra. Il pozzetto \u00e8 caratterizzato dalla presenza della passerella centrale, da un divano poppiero con accesso all\u2019ampia e luminosa cabina marinai. Soluzioni estremamente funzionali rendono gli interni dell\u2019Azimut 62 totalmente vivibili e personali. Infatti, al di l\u00e0 dell\u2019estrema bellezza dell\u2019insieme e degli arredi, scelta armatoriale di utilizzare il wrapping per dare un tono pi\u00f9 moderno alla dinette e cucina, gli interni sono ricchi di particolari che, in tema di fruibilit\u00e0, fanno la differenza. Il salone pu\u00f2 essere sfruttato in due modi: con divani contrapposti oppure con divano a sinistra e mobile multi funzioni a dritta. L\u2019area pranzo, con tavolo componibile al momento dell\u2019utilizzo, pu\u00f2 ospitare fino a otto persone. In cucina, un bel ripiano pu\u00f2 servire sia da piano da appoggio che da passa vivande. La posizione del matrimoniale nella cabina armatore \u00e8 obliqua, per una maggiore fruibilit\u00e0 del locale che, comunque, sfrutta l\u2019intero baglio dello scafo a prua troviamo la cabina ospiti VIP con il proprio bagno en-suite e cabina armadio ed infine sulla dritta troviamo la cabina ospiti con bagno dedicato.<\/p>\n<\/p>\n<p>Accessori<\/p>\n<p>INVERTER, GPS PLOTTER CARTOGRAFICO RAYMARINE, RADAR RAYMARINE, AUTOPILOTA RAYMARINE, ANTENNA TV SATELLITARE, TAVOLO IN POZZETTO, SCALA BAGNO IN ACCIAIO, TENDER CON MOTORE F.B., PASSERELLA IDRAULICA, CUCINA ESTERNA CON GRILL LAVABO E FRIGO, IMPIANTI TV ED HI-FI IN TUTTI AMBIENTE, BUSSOLA, DOCCIA PRUA E POPPA, BOILER, ELICA DI PRUA, ARIA CONDIZIONATA, CUCINA ATTREZZATA CON ELETTRODOMESTICI ( PIANO COTTURA AD INDUZIONE \u2013 FRIGO ETC..),GENERATORE 12 KW , TAPPEZZERIE ESTERNE COMPLETE, CUSCINERIA COMPLETA ( FLY-POZZETTO-PRUA).<\/p>\n<\/p>\n<p>Note<\/p>\n<p>imbarcazione sempre manutenzionata con cura, ottime condizioni.<\/p>\n<p>CONSEGNA IMMEDIATA<\/p>\n<p>\n<\/div><div class=\"kc-elm kc-css-70615 kc_row kc_row_inner\"><div class=\"kc-elm kc-css-476657 kc_col-sm-4 kc_column_inner kc_col-sm-4\"><div class=\"kc_wrapper kc-col-inner-container\"><\/div><\/div><div class=\"kc-elm kc-css-197070 kc_col-sm-4 kc_column_inner kc_col-sm-4\"><div class=\"kc_wrapper kc-col-inner-container\"><div class=\"kc-elm kc-css-688945 kc-raw-code\">\t<\/div><div class=\"kc-elm kc-css-225930\" style=\"height: 20px; clear: both; width:100%;\"><\/div><\/div><\/div><div class=\"kc-elm kc-css-535852 kc_col-sm-4 kc_column_inner kc_col-sm-4\"><div class=\"kc_wrapper kc-col-inner-container\"><div class=\"kc-elm kc-css-781134 kc-raw-code\"><class name=\"formpdf\" ><form method=\"POST\" action=\"CreaPdf.php\" target=\"_blank\"><input type=\"hidden\" value=\"creapdf\" name=\"pdf\"><input type=\"hidden\" value=\"517\" name=\"idProdotto\"><input type=\"submit\" value=\"SCHEDA PDF\"><\/form><\/class>\t<\/div><div class=\"kc-elm kc-css-449738\" style=\"height: 20px; clear: both; width:100%;\"><\/div><\/div><\/div><\/div><\/div><\/div><\/div><\/div><\/section><section class=\"kc-elm kc-css-825084 kc_row\"><div class=\"kc-row-container  kc-container\"><div class=\"kc-wrap-columns\"><div class=\"kc-elm kc-css-849386 kc_col-of-5 kc_column kc_col-of-5\"><div class=\"kc-col-container\"><\/div><\/div><div class=\"kc-elm kc-css-321704 kc_col-of-5 kc_column kc_col-of-5\"><div class=\"kc-col-container\"><\/div><\/div><div class=\"kc-elm kc-css-123737 kc_col-of-5 kc_column kc_col-of-5\"><div class=\"kc-col-container\"><\/div><\/div><div class=\"kc-elm kc-css-134973 kc_col-of-5 kc_column kc_col-of-5\"><div class=\"kc-col-container\"><\/div><\/div><div class=\"kc-elm kc-css-883812 kc_col-of-5 kc_column kc_col-of-5\"><div class=\"kc-col-container\"><div class=\"widget widget_search kc-elm kc-css-927823\"><h2 class=\"widgettitle\">Cerca<\/h2><form role=\"search\" method=\"get\" class=\"search-form\" action=\"https:\/\/www.meleyacht.it\/\">\n\t\t\t\t<label>\n\t\t\t\t\t<span class=\"screen-reader-text\">Ricerca per:<\/span>\n\t\t\t\t\t<input type=\"search\" class=\"search-field\" placeholder=\"Cerca &hellip;\" value=\"\" name=\"s\" \/>\n\t\t\t\t<\/label>\n\t\t\t\t<input type=\"submit\" class=\"search-submit\" value=\"Cerca\" \/>\n\t\t\t<\/form><\/div><div class=\"kc-elm kc-css-786698\" style=\"height: 10px; clear: both; width:100%;\"><\/div><div class=\"kc-elm kc-css-799938 kc_text_block\"><\/p>\n<p>\nNews &#038; Eventi<\/p>\n<p>\n<\/div><div class=\"kc-carousel-post kc-elm kc-css-682601\"><div class=\"kc-owl-post-carousel owl-carousel list-post category \" data-owl-options='{\"items\":\"1\",\"mobile\":\"1\",\"tablet\":\"1\",\"speed\":500,\"navigation\":\"\",\"pagination\":\"yes\",\"autoheight\":\"\",\"autoplay\":\"yes\"}'>\t\t<div class=\"item list-item post-65\">\n\n\t\t\t<div class=\"post-content\">\n\n\t\t\t\t<div class=\"image\"><img width=\"150\" height=\"150\" src=\"https:\/\/www.meleyacht.it\/wp-content\/uploads\/2021\/12\/Boot-Dusseldorf-2020-150x150.jpg\" class=\"attachment-thumbnail size-thumbnail wp-post-image\" alt=\"\" loading=\"lazy\" srcset=\"https:\/\/www.meleyacht.it\/wp-content\/uploads\/2021\/12\/Boot-Dusseldorf-2020-150x150.jpg 150w, https:\/\/www.meleyacht.it\/wp-content\/uploads\/2021\/12\/Boot-Dusseldorf-2020-300x300.jpg 300w, https:\/\/www.meleyacht.it\/wp-content\/uploads\/2021\/12\/Boot-Dusseldorf-2020-100x100.jpg 100w\" sizes=\"(max-width: 150px) 100vw, 150px\" \/><h3 class=\"caption\"><a href=\"https:\/\/www.meleyacht.it\/?p=65\">Boot D\u00fcsseldorf 2020<\/a><\/h3><\/div>\n\t\t\t\t\n\t\t\t\t<div class=\"in-post-content\">Dal 18 al 26 gennaio 2020 Mele Yacht parteciper\u00e0 al Boot D\u00fcsseldorf per incontrare i propri clienti.<\/div>\n\t\t\t\t\t\t\t<\/div>\n\n\t\t<\/div>\n\t\t\t\t<div class=\"item list-item post-68\">\n\n\t\t\t<div class=\"post-content\">\n\n\t\t\t\t<div class=\"image\"><img width=\"150\" height=\"150\" src=\"https:\/\/www.meleyacht.it\/wp-content\/uploads\/2021\/12\/pasqua2020-150x150.jpg\" class=\"attachment-thumbnail size-thumbnail wp-post-image\" alt=\"\" loading=\"lazy\" srcset=\"https:\/\/www.meleyacht.it\/wp-content\/uploads\/2021\/12\/pasqua2020-150x150.jpg 150w, https:\/\/www.meleyacht.it\/wp-content\/uploads\/2021\/12\/pasqua2020-300x300.jpg 300w, https:\/\/www.meleyacht.it\/wp-content\/uploads\/2021\/12\/pasqua2020-100x100.jpg 100w\" sizes=\"(max-width: 150px) 100vw, 150px\" \/><h3 class=\"caption\"><a href=\"https:\/\/www.meleyacht.it\/?p=68\">Buona Pasqua 2020<\/a><\/h3><\/div>\n\t\t\t\t\n\t\t\t\t<div class=\"in-post-content\">Caro Amico, speriamo che questa Pasqua trovi te e la tua famiglia al sicuro ed in ottima salute. Probabilmente in Italia, come nel resto del ...<\/div>\n\t\t\t\t\t\t\t<\/div>\n\n\t\t<\/div>\n\t\t\t\t<div class=\"item list-item post-74\">\n\n\t\t\t<div class=\"post-content\">\n\n\t\t\t\t<div class=\"image\"><img width=\"150\" height=\"150\" src=\"https:\/\/www.meleyacht.it\/wp-content\/uploads\/2021\/12\/otam-mele-150x150.jpg\" class=\"attachment-thumbnail size-thumbnail wp-post-image\" alt=\"\" loading=\"lazy\" srcset=\"https:\/\/www.meleyacht.it\/wp-content\/uploads\/2021\/12\/otam-mele-150x150.jpg 150w, https:\/\/www.meleyacht.it\/wp-content\/uploads\/2021\/12\/otam-mele-300x300.jpg 300w, https:\/\/www.meleyacht.it\/wp-content\/uploads\/2021\/12\/otam-mele-100x100.jpg 100w\" sizes=\"(max-width: 150px) 100vw, 150px\" \/><h3 class=\"caption\"><a href=\"https:\/\/www.meleyacht.it\/?p=74\">Otam Experience 23-24 Ottobre Circolo Nautico Posillipo<\/a><\/h3><\/div>\n\t\t\t\t\n\t\t\t\t<div class=\"in-post-content\">Mele Yacht offre ai propri armatori per la prima volta in Sud Italia un Esperienza unica firmata OTAM. Durante questi giorni potrai ammirare diversi modelli ...<\/div>\n\t\t\t\t\t\t\t<\/div>\n\n\t\t<\/div>\n\t\t\t\t<div class=\"item list-item post-1209\">\n\n\t\t\t<div class=\"post-content\">\n\n\t\t\t\t<div class=\"image\"><img width=\"150\" height=\"150\" src=\"https:\/\/www.meleyacht.it\/wp-content\/uploads\/2019\/10\/FLIBS2019-150x150.jpg\" class=\"attachment-thumbnail size-thumbnail wp-post-image\" alt=\"\" loading=\"lazy\" srcset=\"https:\/\/www.meleyacht.it\/wp-content\/uploads\/2019\/10\/FLIBS2019-150x150.jpg 150w, https:\/\/www.meleyacht.it\/wp-content\/uploads\/2019\/10\/FLIBS2019-300x300.jpg 300w, https:\/\/www.meleyacht.it\/wp-content\/uploads\/2019\/10\/FLIBS2019-100x100.jpg 100w\" sizes=\"(max-width: 150px) 100vw, 150px\" \/><h3 class=\"caption\"><a href=\"https:\/\/www.meleyacht.it\/?p=1209\">FORT LAUDERDALE INTERNATIONAL BOAT SHOW October 30 &#8211; November 3, 2019<\/a><\/h3><\/div>\n\t\t\t\t\n\t\t\t\t<div class=\"in-post-content\">&nbsp; Mele Yacht \u00e8 lieta di incontrare i propri clienti alla 60\u00b0 edizione del Ft. Lauderdale International Boat Show<\/div>\n\t\t\t\t\t\t\t<\/div>\n\n\t\t<\/div>\n\t\t\t\t<div class=\"item list-item post-1210\">\n\n\t\t\t<div class=\"post-content\">\n\n\t\t\t\t<div class=\"image\"><img width=\"150\" height=\"150\" src=\"https:\/\/www.meleyacht.it\/wp-content\/uploads\/2019\/09\/Cannes-Yachting-Festival-2019-01-960x500-1-150x150.jpg\" class=\"attachment-thumbnail size-thumbnail wp-post-image\" alt=\"\" loading=\"lazy\" srcset=\"https:\/\/www.meleyacht.it\/wp-content\/uploads\/2019\/09\/Cannes-Yachting-Festival-2019-01-960x500-1-150x150.jpg 150w, https:\/\/www.meleyacht.it\/wp-content\/uploads\/2019\/09\/Cannes-Yachting-Festival-2019-01-960x500-1-300x300.jpg 300w, https:\/\/www.meleyacht.it\/wp-content\/uploads\/2019\/09\/Cannes-Yachting-Festival-2019-01-960x500-1-100x100.jpg 100w\" sizes=\"(max-width: 150px) 100vw, 150px\" \/><h3 class=\"caption\"><a href=\"https:\/\/www.meleyacht.it\/?p=1210\">Cannes Yachting Festival 10 &#8211; 15 Settembre 2019<\/a><\/h3><\/div>\n\t\t\t\t\n\t\t\t\t<div class=\"in-post-content\">&nbsp; Mele Yacht sar\u00e0 lieta di incontrare i propri clienti alla 42\u00b0 edizione del Cannes Yachting Festival<\/div>\n\t\t\t\t\t\t\t<\/div>\n\n\t\t<\/div>\n\t\t<\/div><\/div><div class=\"kc-elm kc-css-905331\" style=\"height: 20px; clear: both; width:100%;\"><\/div><\/div><\/div><\/div><\/div><\/section><\/p>\n","protected":false},"excerpt":{"rendered":"","protected":false},"featured_media":518,"template":"","meta":[],"product_cat":[145,90,36,106,20,32,31,19,108],"product_tag":[],"_links":{"self":[{"href":"https:\/\/www.meleyacht.it\/index.php?rest_route=\/wp\/v2\/product\/517"}],"collection":[{"href":"https:\/\/www.meleyacht.it\/index.php?rest_route=\/wp\/v2\/product"}],"about":[{"href":"https:\/\/www.meleyacht.it\/index.php?rest_route=\/wp\/v2\/types\/product"}],"wp:featuredmedia":[{"embeddable":true,"href":"https:\/\/www.meleyacht.it\/index.php?rest_route=\/wp\/v2\/media\/518"}],"wp:attachment":[{"href":"https:\/\/www.meleyacht.it\/index.php?rest_route=%2Fwp%2Fv2%2Fmedia&parent=517"}],"wp:term":[{"taxonomy":"product_cat","embeddable":true,"href":"https:\/\/www.meleyacht.it\/index.php?rest_route=%2Fwp%2Fv2%2Fproduct_cat&post=517"},{"taxonomy":"product_tag","embeddable":true,"href":"https:\/\/www.meleyacht.it\/index.php?rest_route=%2Fwp%2Fv2%2Fproduct_tag&post=517"}],"curies":[{"name":"wp","href":"https:\/\/api.w.org\/{rel}","templated":true}]}}