{"id":3830,"date":"2026-04-21T13:26:51","date_gmt":"2026-04-21T11:26:51","guid":{"rendered":"https:\/\/www.meleyacht.it\/?post_type=product&#038;p=3830"},"modified":"2026-04-21T13:26:51","modified_gmt":"2026-04-21T11:26:51","slug":"cranchi-t43-trawler","status":"publish","type":"product","link":"https:\/\/www.meleyacht.it\/?product=cranchi-t43-trawler","title":{"rendered":"Cranchi T43 Trawler"},"content":{"rendered":"<p><section class=\"kc-elm kc-css-833639 kc_row\"><div class=\"kc-row-container  kc-container\"><div class=\"kc-wrap-columns\"><div class=\"kc-elm kc-css-207574 kc_col-sm-6 kc_column kc_col-sm-6\"><div class=\"kc-col-container\"><div class=\"kc-elm kc-css-225824 kc_row kc_row_inner\"><div class=\"kc-elm kc-css-730174 kc_col-sm-6 kc_column_inner kc_col-sm-6\"><div class=\"kc_wrapper kc-col-inner-container\"><div class=\"kc-elm kc-css-699980 kc_text_block\"><\/p>\n<p><strong>Cantiere:<\/strong><\/p>\n<p>\n<\/div><\/div><\/div><div class=\"kc-elm kc-css-482868 kc_col-sm-6 kc_column_inner kc_col-sm-6\"><div class=\"kc_wrapper kc-col-inner-container\"><div class=\"kc-elm kc-css-289304 kc_text_block\"><\/p>\n<p>Cranchi<\/p>\n<p>\n<\/div><\/div><\/div><\/div><div class=\"kc-elm kc-css-278163 kc_row kc_row_inner\"><div class=\"kc-elm kc-css-603520 kc_col-sm-6 kc_column_inner kc_col-sm-6\"><div class=\"kc_wrapper kc-col-inner-container\"><div class=\"kc-elm kc-css-489067 kc_text_block\"><\/p>\n<p><strong>Modello: T 43 Eco Trawler<\/strong><\/p>\n<p>\n<\/div><\/div><\/div><div class=\"kc-elm kc-css-390062 kc_col-sm-6 kc_column_inner kc_col-sm-6\"><div class=\"kc_wrapper kc-col-inner-container\"><div class=\"kc-elm kc-css-271363 kc_text_block\"><\/p>\n<p>\n<\/div><\/div><\/div><\/div><div class=\"kc-elm kc-css-4301 kc_row kc_row_inner\"><div class=\"kc-elm kc-css-945393 kc_col-sm-6 kc_column_inner kc_col-sm-6\"><div class=\"kc_wrapper kc-col-inner-container\"><div class=\"kc-elm kc-css-148584 kc_text_block\"><\/p>\n<p><strong>Tipo Barca:<\/strong><\/p>\n<p>\n<\/div><\/div><\/div><div class=\"kc-elm kc-css-296234 kc_col-sm-6 kc_column_inner kc_col-sm-6\"><div class=\"kc_wrapper kc-col-inner-container\"><div class=\"kc-elm kc-css-744347 kc_text_block\"><\/p>\n<p>planante<\/p>\n<p>\n<\/div><\/div><\/div><\/div><div class=\"kc-elm kc-css-643390 kc_row kc_row_inner\"><div class=\"kc-elm kc-css-595331 kc_col-sm-6 kc_column_inner kc_col-sm-6\"><div class=\"kc_wrapper kc-col-inner-container\"><div class=\"kc-elm kc-css-526640 kc_text_block\"><\/p>\n<p><strong>Anno:<\/strong><\/p>\n<p>\n<\/div><\/div><\/div><div class=\"kc-elm kc-css-736432 kc_col-sm-6 kc_column_inner kc_col-sm-6\"><div class=\"kc_wrapper kc-col-inner-container\"><div class=\"kc-elm kc-css-865266 kc_text_block\"><\/p>\n<p>2024<\/p>\n<p>\n<\/div><\/div><\/div><\/div><div class=\"kc-elm kc-css-757890 kc_row kc_row_inner\"><div class=\"kc-elm kc-css-648139 kc_col-sm-6 kc_column_inner kc_col-sm-6\"><div class=\"kc_wrapper kc-col-inner-container\"><div class=\"kc-elm kc-css-197297 kc_text_block\"><\/p>\n<p><strong>Motorizzazione:<\/strong><\/p>\n<p>\n<\/div><\/div><\/div><div class=\"kc-elm kc-css-542213 kc_col-sm-6 kc_column_inner kc_col-sm-6\"><div class=\"kc_wrapper kc-col-inner-container\"><div class=\"kc-elm kc-css-878296 kc_text_block\"><\/p>\n<p>2 x 380 Volvo Penta IPS 500<\/p>\n<p>\n<\/div><\/div><\/div><\/div><div class=\"kc-elm kc-css-685930 kc_row kc_row_inner\"><div class=\"kc-elm kc-css-186037 kc_col-sm-6 kc_column_inner kc_col-sm-6\"><div class=\"kc_wrapper kc-col-inner-container\"><div class=\"kc-elm kc-css-950046 kc_text_block\"><\/p>\n<p><strong>Ore motori:<\/strong><\/p>\n<p>\n<\/div><\/div><\/div><div class=\"kc-elm kc-css-159980 kc_col-sm-6 kc_column_inner kc_col-sm-6\"><div class=\"kc_wrapper kc-col-inner-container\"><div class=\"kc-elm kc-css-573012 kc_text_block\"><\/p>\n<p>153<\/p>\n<p>\n<\/div><\/div><\/div><\/div><div class=\"kc-elm kc-css-47317 kc_row kc_row_inner\"><div class=\"kc-elm kc-css-595832 kc_col-sm-6 kc_column_inner kc_col-sm-6\"><div class=\"kc_wrapper kc-col-inner-container\"><div class=\"kc-elm kc-css-109861 kc_text_block\"><\/p>\n<p><strong>Velocit\u00e1 Massima:<\/strong><\/p>\n<p>\n<\/div><\/div><\/div><div class=\"kc-elm kc-css-684528 kc_col-sm-6 kc_column_inner kc_col-sm-6\"><div class=\"kc_wrapper kc-col-inner-container\"><div class=\"kc-elm kc-css-11935 kc_text_block\"><\/p>\n<p>26 Kn<\/p>\n<p>\n<\/div><\/div><\/div><\/div><div class=\"kc-elm kc-css-340077 kc_row kc_row_inner\"><div class=\"kc-elm kc-css-678242 kc_col-sm-6 kc_column_inner kc_col-sm-6\"><div class=\"kc_wrapper kc-col-inner-container\"><div class=\"kc-elm kc-css-234690 kc_text_block\"><\/p>\n<p><strong>Velocit\u00e1 di crociera:<\/strong><\/p>\n<p>\n<\/div><\/div><\/div><div class=\"kc-elm kc-css-626072 kc_col-sm-6 kc_column_inner kc_col-sm-6\"><div class=\"kc_wrapper kc-col-inner-container\"><div class=\"kc-elm kc-css-927975 kc_text_block\"><\/p>\n<p>22 Kn<\/p>\n<p>\n<\/div><\/div><\/div><\/div><\/div><\/div><div class=\"kc-elm kc-css-557654 kc_col-sm-6 kc_column kc_col-sm-6\"><div class=\"kc-col-container\"><div class=\"kc-elm kc-css-15014 kc_row kc_row_inner\"><div class=\"kc-elm kc-css-302608 kc_col-sm-6 kc_column_inner kc_col-sm-6\"><div class=\"kc_wrapper kc-col-inner-container\"><div class=\"kc-elm kc-css-750699 kc_text_block\"><\/p>\n<p><strong>Loa: 13,80 mt<\/strong><\/p>\n<p>\n<\/div><\/div><\/div><div class=\"kc-elm kc-css-439175 kc_col-sm-6 kc_column_inner kc_col-sm-6\"><div class=\"kc_wrapper kc-col-inner-container\"><div class=\"kc-elm kc-css-957385 kc_text_block\"><\/p>\n<p>\n<\/div><\/div><\/div><\/div><div class=\"kc-elm kc-css-580089 kc_row kc_row_inner\"><div class=\"kc-elm kc-css-765241 kc_col-sm-6 kc_column_inner kc_col-sm-6\"><div class=\"kc_wrapper kc-col-inner-container\"><div class=\"kc-elm kc-css-856573 kc_text_block\"><\/p>\n<p><strong>Larghezza: 4,37 mt<\/strong><\/p>\n<p>\n<\/div><\/div><\/div><div class=\"kc-elm kc-css-792200 kc_col-sm-6 kc_column_inner kc_col-sm-6\"><div class=\"kc_wrapper kc-col-inner-container\"><div class=\"kc-elm kc-css-930241 kc_text_block\"><\/p>\n<p>\n<\/div><\/div><\/div><\/div><div class=\"kc-elm kc-css-476358 kc_row kc_row_inner\"><div class=\"kc-elm kc-css-418092 kc_col-sm-6 kc_column_inner kc_col-sm-6\"><div class=\"kc_wrapper kc-col-inner-container\"><div class=\"kc-elm kc-css-759759 kc_text_block\"><\/p>\n<p><strong>Pescaggio:<\/strong><\/p>\n<p>\n<\/div><\/div><\/div><div class=\"kc-elm kc-css-330371 kc_col-sm-6 kc_column_inner kc_col-sm-6\"><div class=\"kc_wrapper kc-col-inner-container\"><div class=\"kc-elm kc-css-32175 kc_text_block\"><\/p>\n<p>1,00 mt<\/p>\n<p>\n<\/div><\/div><\/div><\/div><div class=\"kc-elm kc-css-564459 kc_row kc_row_inner\"><div class=\"kc-elm kc-css-970025 kc_col-sm-6 kc_column_inner kc_col-sm-6\"><div class=\"kc_wrapper kc-col-inner-container\"><div class=\"kc-elm kc-css-475195 kc_text_block\"><\/p>\n<p><strong>Cabine:<\/strong><\/p>\n<p>\n<\/div><\/div><\/div><div class=\"kc-elm kc-css-103436 kc_col-sm-6 kc_column_inner kc_col-sm-6\"><div class=\"kc_wrapper kc-col-inner-container\"><div class=\"kc-elm kc-css-833184 kc_text_block\"><\/p>\n<p>\n<\/div><\/div><\/div><\/div><div class=\"kc-elm kc-css-808602 kc_row kc_row_inner\"><div class=\"kc-elm kc-css-905527 kc_col-sm-6 kc_column_inner kc_col-sm-6\"><div class=\"kc_wrapper kc-col-inner-container\"><div class=\"kc-elm kc-css-286619 kc_text_block\"><\/p>\n<p><strong>Carburante:<\/strong><\/p>\n<p>\n<\/div><\/div><\/div><div class=\"kc-elm kc-css-440043 kc_col-sm-6 kc_column_inner kc_col-sm-6\"><div class=\"kc_wrapper kc-col-inner-container\"><div class=\"kc-elm kc-css-205869 kc_text_block\"><\/p>\n<p>2 x 715 lt<\/p>\n<p>\n<\/div><\/div><\/div><\/div><div class=\"kc-elm kc-css-426773 kc_row kc_row_inner\"><div class=\"kc-elm kc-css-752366 kc_col-sm-6 kc_column_inner kc_col-sm-6\"><div class=\"kc_wrapper kc-col-inner-container\"><div class=\"kc-elm kc-css-586386 kc_text_block\"><\/p>\n<p><strong>Acqua: 2 x 250 lt<\/strong><\/p>\n<p>\n<\/div><\/div><\/div><div class=\"kc-elm kc-css-54558 kc_col-sm-6 kc_column_inner kc_col-sm-6\"><div class=\"kc_wrapper kc-col-inner-container\"><div class=\"kc-elm kc-css-702882 kc_text_block\"><\/p>\n<p>\n<\/div><\/div><\/div><\/div><div class=\"kc-elm kc-css-538345 kc_row kc_row_inner\"><div class=\"kc-elm kc-css-218535 kc_col-sm-6 kc_column_inner kc_col-sm-6\"><div class=\"kc_wrapper kc-col-inner-container\"><div class=\"kc-elm kc-css-895987 kc_text_block\"><\/p>\n<p><strong>Dislocamento:<\/strong><\/p>\n<p>\n<\/div><\/div><\/div><div class=\"kc-elm kc-css-265455 kc_col-sm-6 kc_column_inner kc_col-sm-6\"><div class=\"kc_wrapper kc-col-inner-container\"><div class=\"kc-elm kc-css-355364 kc_text_block\"><\/p>\n<p>13700 kg<\/p>\n<p>\n<\/div><\/div><\/div><\/div><div class=\"kc-elm kc-css-841565 kc_row kc_row_inner\"><div class=\"kc-elm kc-css-354365 kc_col-sm-6 kc_column_inner kc_col-sm-6\"><div class=\"kc_wrapper kc-col-inner-container\"><div class=\"kc-elm kc-css-827303 kc_text_block\"><\/p>\n<p><strong>Prezzo:<\/strong><\/p>\n<p>\n<\/div><\/div><\/div><div class=\"kc-elm kc-css-630134 kc_col-sm-6 kc_column_inner kc_col-sm-6\"><div class=\"kc_wrapper kc-col-inner-container\"><div class=\"kc-elm kc-css-290207 kc_text_block\"><\/p>\n<p>695000<\/p>\n<p>\n<\/div><\/div><\/div><\/div><\/div><\/div><\/div><\/div><\/section><section class=\"kc-elm kc-css-104228 kc_row\"><div class=\"kc-row-container  kc-container\"><div class=\"kc-wrap-columns\"><div class=\"kc-elm kc-css-218125 kc_col-sm-12 kc_column kc_col-sm-12\"><div class=\"kc-col-container\"><div class=\"kc-elm kc-css-657237 kc_row kc_row_inner\"><div class=\"kc-elm kc-css-594650 kc_col-sm-6 kc_column_inner kc_col-sm-6\"><div class=\"kc_wrapper kc-col-inner-container\"><\/div><\/div><div class=\"kc-elm kc-css-821139 kc_col-sm-6 kc_column_inner kc_col-sm-6\"><div class=\"kc_wrapper kc-col-inner-container\">\n<div class=\"kc-elm kc-css-535795 kc-pro-button kc-button-3\">\n\t<a href=\"https:\/\/www.meleyacht.it\/?page_id=174\">\n\t\t<span class=\"creative_title\">RICHIEDI INFORMAZIONI <\/span>\t<\/a>\n<\/div>\n<\/div><\/div><\/div><div class=\"kc-elm kc-css-805074 kc_text_block\"><\/p>\n<p>Cranchi non ha inventato il trawler: lo ha reso migliore Il T43 \u00e8 un\u2019intelligente interpretazione dei classici trawler, uno yacht estremamente efficiente e dalla grande funzionalit\u00e0, pensata per navigare bene e a lungo. Il comfort in navigazione \u00e8 un altro dei punti di forza di questo yacht. Sia all\u2019interno che all\u2019aperto, si trovano spazi molto curati dal punto di vista ergonomico e allestiti con materiali di qualit\u00e0. Gli allestimenti sono estremamente curati e privi di sbavature, cos\u00ec come gli assemblaggi e gli impianti, facilmente ispezionabili: nulla potr\u00e0 turbare il relax durante la crociera. Il design \u00e8 caratterizzato da finestrature lineari e da volumi generosi nelle sezioni prodiere determinati dalla scelta di una prua quasi verticale. Il T43 Trawler sfrutta al meglio i suoi quasi 14 metri di lunghezza dello scafo e i 4,37 metri di larghezza massima. Salendo a bordo, colpisce immediatamente la grande disponibilit\u00e0 di spazi all\u2019aperto: il fly dispone di stazione di governo in posizione predominante, dinette e prendisole. La prua \u00e8 dotata di due grandi prendisole con schienale modulabile, divanetto fronte marcia e passaggi laterali adeguati sia in larghezza sia in altezza sicuri per chi naviga con i bambini. Anche in pozzetto si avverte subito la percezione di spazi abbondanti perch\u00e9, grazie al grande parabrezza quasi piatto della tuga, dall\u2019estremit\u00e0 poppiera si ha la vista libera fino alla prua. Gli interni sono ampi e suddivisi per garantire a sei persone il massimo comfort in crociera tanto nelle cabine quanto nel salone. Avviati i motori ecco che un\u2019altra gradita sorpresa: il T43 Trawler \u00e8 silenzioso e privo di vibrazioni, anche questo render\u00e0 fantastica la crociera.<\/p>\n<div id=\"Content_ContainerArmamento\" class=\"col-xs-12 col-sm-12 col-md-12 col-lg-12\">\n<p>Dotazioni:<\/p>\n<p class=\"text-justify\">&#8211; TVCC system Videostar (sala macchine + prua + pozzetto);<br \/>&#8211; stabilizzatore giroscopico Seakeeper;<br \/>&#8211; Impianto A\/C Condaria WM\/VAR12001 (48.000btu);<br \/>&#8211; Gruppo elettrogeno Paguro 14000 (14Kw \/ 50Hz);<br \/>&#8211; caricabatterie Mastervolt ChargeMaster Plus 12\/50-3;<br \/>&#8211; isolatore galvanico ProSafe FS60 60Amph.;<br \/>&#8211; boiler elettrico Isotherm 60lt;<br \/>&#8211; tender lift + passerella idraulica Besenzoni;<br \/>&#8211; verricello salpancora Lofrans\u2019 + ancora in acciaio inox;<br \/>&#8211; impianto illuminazione int\/est a led + 4 luci a led subacquee;<br \/>&#8211; prendisole di prua con schienali recrinabili;<br \/>&#8211; flybridge con lavello, BBQ elettrico De Longhi, frigo + bimini;<br \/>&#8211; tendalino chiusura pozzetto + cappe oscuranti;<br \/>&#8211; impianto HIFI salone con Fusion MS-RA770 (SiriusXM wifi) + amplificatore Denon (7x145W) +<br \/>&#8211; home theater;<br \/>&#8211; 2 smart TV Samsung + lettore blue ray Panasonic 4K;<br \/>&#8211; impianto hifi flybridge Fusion MS-NRX300;<br \/>&#8211; impianto hifi pozzetto e prua Fusione MS-NRX300;<br \/>&#8211; lavasciuga Electrolux;<br \/>&#8211; dotazioni di sicurezza complete.<\/p>\n<p class=\"text-justify\">Strumentazione:<\/p>\n<\/div>\n<div id=\"Content_ContainerStrumentazione\" class=\"col-xs-12 col-sm-12 col-md-12 col-lg-12\">\n<p class=\"text-justify\">VHF\/DSC Raymarine RAY60;<br \/>&#8211; bidata Garmin GNX;<br \/>&#8211; multifunction plotter Garmin 923XSV touch screen;<br \/>&#8211; engine display Volvo 7&#039;&#039; (lcd strumenti motori);<br \/>&#8211; autopilot display Garmin GHC20;<br \/>&#8211; Humpree automatic trim tab\/flaps CP512;<br \/>&#8211; digital chain counter MZElectronic with remot control (contacatena con telecomando);<br \/>&#8211; bow thruster Sleipner elica di prua;<br \/>&#8211; joystick control Volvo Penta;<br \/>&#8211; electric spotlight Marinco faro di ricerca;<br \/>&#8211; DPD (Digital Positioning System).<\/p>\n<\/div>\n<p>\n<\/div><div class=\"kc-elm kc-css-937757 kc_row kc_row_inner\"><div class=\"kc-elm kc-css-427776 kc_col-sm-4 kc_column_inner kc_col-sm-4\"><div class=\"kc_wrapper kc-col-inner-container\"><\/div><\/div><div class=\"kc-elm kc-css-902765 kc_col-sm-4 kc_column_inner kc_col-sm-4\"><div class=\"kc_wrapper kc-col-inner-container\"><div class=\"kc-elm kc-css-420607 kc-raw-code\">\t<\/div><div class=\"kc-elm kc-css-334121\" style=\"height: 20px; clear: both; width:100%;\"><\/div><\/div><\/div><div class=\"kc-elm kc-css-143085 kc_col-sm-4 kc_column_inner kc_col-sm-4\"><div class=\"kc_wrapper kc-col-inner-container\"><div class=\"kc-elm kc-css-273972 kc-raw-code\"><class name=\"formpdf\" ><form method=\"POST\" action=\"CreaPdf.php\" target=\"_blank\"><input type=\"hidden\" value=\"creapdf\" name=\"pdf\"><input type=\"hidden\" value=\"3830\" name=\"idProdotto\"><input type=\"submit\" value=\"SCHEDA PDF\"><\/form><\/class>\t<\/div><div class=\"kc-elm kc-css-91525\" style=\"height: 20px; clear: both; width:100%;\"><\/div><\/div><\/div><\/div><\/div><\/div><\/div><\/div><\/section><section class=\"kc-elm kc-css-58857 kc_row\"><div class=\"kc-row-container  kc-container\"><div class=\"kc-wrap-columns\"><div class=\"kc-elm kc-css-802013 kc_col-of-5 kc_column kc_col-of-5\"><div class=\"kc-col-container\"><\/div><\/div><div class=\"kc-elm kc-css-561007 kc_col-of-5 kc_column kc_col-of-5\"><div class=\"kc-col-container\"><\/div><\/div><div class=\"kc-elm kc-css-710697 kc_col-of-5 kc_column kc_col-of-5\"><div class=\"kc-col-container\"><\/div><\/div><div class=\"kc-elm kc-css-714739 kc_col-of-5 kc_column kc_col-of-5\"><div class=\"kc-col-container\"><\/div><\/div><div class=\"kc-elm kc-css-447323 kc_col-of-5 kc_column kc_col-of-5\"><div class=\"kc-col-container\"><div class=\"widget widget_search kc-elm kc-css-632137\"><h2 class=\"widgettitle\">Cerca<\/h2><form role=\"search\" method=\"get\" class=\"search-form\" action=\"https:\/\/www.meleyacht.it\/\">\n\t\t\t\t<label>\n\t\t\t\t\t<span class=\"screen-reader-text\">Ricerca per:<\/span>\n\t\t\t\t\t<input type=\"search\" class=\"search-field\" placeholder=\"Cerca &hellip;\" value=\"\" name=\"s\" \/>\n\t\t\t\t<\/label>\n\t\t\t\t<input type=\"submit\" class=\"search-submit\" value=\"Cerca\" \/>\n\t\t\t<\/form><\/div><div class=\"kc-elm kc-css-697596\" style=\"height: 10px; clear: both; width:100%;\"><\/div><div class=\"kc-elm kc-css-478927 kc_text_block\"><\/p>\n<p>\nNews &#038; Eventi<\/p>\n<p>\n<\/div><div class=\"kc-carousel-post kc-elm kc-css-594017\"><div class=\"kc-owl-post-carousel owl-carousel list-post category \" data-owl-options='{\"items\":\"1\",\"mobile\":\"1\",\"tablet\":\"1\",\"speed\":500,\"navigation\":\"\",\"pagination\":\"yes\",\"autoheight\":\"\",\"autoplay\":\"yes\"}'>\t\t<div class=\"item list-item post-3732\">\n\n\t\t\t<div class=\"post-content\">\n\n\t\t\t\t<div class=\"image\"><img width=\"150\" height=\"150\" src=\"https:\/\/www.meleyacht.it\/wp-content\/uploads\/2026\/03\/WhatsApp-Image-2026-03-10-at-11.35.32-150x150.jpeg\" class=\"attachment-thumbnail size-thumbnail wp-post-image\" alt=\"\" loading=\"lazy\" srcset=\"https:\/\/www.meleyacht.it\/wp-content\/uploads\/2026\/03\/WhatsApp-Image-2026-03-10-at-11.35.32-150x150.jpeg 150w, https:\/\/www.meleyacht.it\/wp-content\/uploads\/2026\/03\/WhatsApp-Image-2026-03-10-at-11.35.32-300x300.jpeg 300w, https:\/\/www.meleyacht.it\/wp-content\/uploads\/2026\/03\/WhatsApp-Image-2026-03-10-at-11.35.32-100x100.jpeg 100w\" sizes=\"(max-width: 150px) 100vw, 150px\" \/><h3 class=\"caption\"><a href=\"https:\/\/www.meleyacht.it\/?p=3732\">COLUMBUS ATLANTIQUE 38M LAUNCH CEREMONY &#8211; M\/Y PRINCIPESSA CAPRICCIOSA<\/a><\/h3><\/div>\n\t\t\t\t\n\t\t\t\t<div class=\"in-post-content\">Savona, March 10 2026 &#8211; Columbus Yachts announces the launch of the Atlantique 38-metre M\/Y Principessa Capricciosa. The latest addition is the most compact model ...<\/div>\n\t\t\t\t\t\t\t<\/div>\n\n\t\t<\/div>\n\t\t\t\t<div class=\"item list-item post-3386\">\n\n\t\t\t<div class=\"post-content\">\n\n\t\t\t\t<div class=\"image\"><img width=\"150\" height=\"150\" src=\"https:\/\/www.meleyacht.it\/wp-content\/uploads\/2025\/08\/IMG-20250828-WA0010-150x150.jpg\" class=\"attachment-thumbnail size-thumbnail wp-post-image\" alt=\"\" loading=\"lazy\" srcset=\"https:\/\/www.meleyacht.it\/wp-content\/uploads\/2025\/08\/IMG-20250828-WA0010-150x150.jpg 150w, https:\/\/www.meleyacht.it\/wp-content\/uploads\/2025\/08\/IMG-20250828-WA0010-300x300.jpg 300w, https:\/\/www.meleyacht.it\/wp-content\/uploads\/2025\/08\/IMG-20250828-WA0010-100x100.jpg 100w\" sizes=\"(max-width: 150px) 100vw, 150px\" \/><h3 class=\"caption\"><a href=\"https:\/\/www.meleyacht.it\/?p=3386\">Cannes Yachting Festival<\/a><\/h3><\/div>\n\t\t\t\t\n\t\t\t\t<div class=\"in-post-content\">Siamo lieti di annunciare la nostra partecipazione, come di consuetudine, al Cannes Yachting Festival, che si terr\u00e0 dal 9 al 14 settembre 2025. Questo prestigioso ...<\/div>\n\t\t\t\t\t\t\t<\/div>\n\n\t\t<\/div>\n\t\t\t\t<div class=\"item list-item post-3243\">\n\n\t\t\t<div class=\"post-content\">\n\n\t\t\t\t<div class=\"image\"><img width=\"150\" height=\"150\" src=\"https:\/\/www.meleyacht.it\/wp-content\/uploads\/2025\/01\/Assia-e-Salvatore-Mele_-Mele-Yacht-1024x768-1-150x150.jpg\" class=\"attachment-thumbnail size-thumbnail wp-post-image\" alt=\"\" loading=\"lazy\" srcset=\"https:\/\/www.meleyacht.it\/wp-content\/uploads\/2025\/01\/Assia-e-Salvatore-Mele_-Mele-Yacht-1024x768-1-150x150.jpg 150w, https:\/\/www.meleyacht.it\/wp-content\/uploads\/2025\/01\/Assia-e-Salvatore-Mele_-Mele-Yacht-1024x768-1-300x300.jpg 300w, https:\/\/www.meleyacht.it\/wp-content\/uploads\/2025\/01\/Assia-e-Salvatore-Mele_-Mele-Yacht-1024x768-1-100x100.jpg 100w\" sizes=\"(max-width: 150px) 100vw, 150px\" \/><h3 class=\"caption\"><a href=\"https:\/\/www.meleyacht.it\/?p=3243\">Assia e Salvatore, le due met\u00e0 della Mele<\/a><\/h3><\/div>\n\t\t\t\t\n\t\t\t\t<div class=\"in-post-content\">Timonano con orgoglio Mele Yacht, societ\u00e0 partenopea a conduzione familiare nata dal desiderio di&nbsp;Antimo Mele, pioniere nella vendita di imbarcazioni di alta qualit\u00e0, di trasmettere ...<\/div>\n\t\t\t\t\t\t\t<\/div>\n\n\t\t<\/div>\n\t\t\t\t<div class=\"item list-item post-3237\">\n\n\t\t\t<div class=\"post-content\">\n\n\t\t\t\t<div class=\"image\"><img width=\"150\" height=\"150\" src=\"https:\/\/www.meleyacht.it\/wp-content\/uploads\/2025\/01\/Cattura-150x150.jpg\" class=\"attachment-thumbnail size-thumbnail wp-post-image\" alt=\"\" loading=\"lazy\" srcset=\"https:\/\/www.meleyacht.it\/wp-content\/uploads\/2025\/01\/Cattura-150x150.jpg 150w, https:\/\/www.meleyacht.it\/wp-content\/uploads\/2025\/01\/Cattura-300x300.jpg 300w, https:\/\/www.meleyacht.it\/wp-content\/uploads\/2025\/01\/Cattura-100x100.jpg 100w\" sizes=\"(max-width: 150px) 100vw, 150px\" \/><h3 class=\"caption\"><a href=\"https:\/\/www.meleyacht.it\/?p=3237\">Cannes Yachting Festival 2024<\/a><\/h3><\/div>\n\t\t\t\t\n\t\t\t\t<div class=\"in-post-content\">9-14 Settembre 2024 Mele Yacht sar\u00e0 lieta di incontrare i propri clienti al Cannes Yachting Festival 2024 per celebrare i 47 anni del pi\u00f9 grande ...<\/div>\n\t\t\t\t\t\t\t<\/div>\n\n\t\t<\/div>\n\t\t\t\t<div class=\"item list-item post-3230\">\n\n\t\t\t<div class=\"post-content\">\n\n\t\t\t\t<div class=\"image\"><img width=\"150\" height=\"150\" src=\"https:\/\/www.meleyacht.it\/wp-content\/uploads\/2025\/01\/cannes-yachting-festival-2023-150x150.jpg\" class=\"attachment-thumbnail size-thumbnail wp-post-image\" alt=\"\" loading=\"lazy\" srcset=\"https:\/\/www.meleyacht.it\/wp-content\/uploads\/2025\/01\/cannes-yachting-festival-2023-150x150.jpg 150w, https:\/\/www.meleyacht.it\/wp-content\/uploads\/2025\/01\/cannes-yachting-festival-2023-300x300.jpg 300w, https:\/\/www.meleyacht.it\/wp-content\/uploads\/2025\/01\/cannes-yachting-festival-2023-100x100.jpg 100w\" sizes=\"(max-width: 150px) 100vw, 150px\" \/><h3 class=\"caption\"><a href=\"https:\/\/www.meleyacht.it\/?p=3230\">Cannes Yachting Festival 2023<\/a><\/h3><\/div>\n\t\t\t\t\n\t\t\t\t<div class=\"in-post-content\">12-17 Settembre 2023 Mele Yacht sar\u00e0 lieta di incontrare i propri clienti al Cannes Yachting Festival 2023 per celebrare i 46 anni del pi\u00f9 grande ...<\/div>\n\t\t\t\t\t\t\t<\/div>\n\n\t\t<\/div>\n\t\t<\/div><\/div><div class=\"kc-elm kc-css-607197\" style=\"height: 20px; clear: both; width:100%;\"><\/div><\/div><\/div><\/div><\/div><\/section><\/p>\n","protected":false},"excerpt":{"rendered":"","protected":false},"featured_media":3831,"template":"","meta":[],"product_cat":[17,139,20,108],"product_tag":[],"_links":{"self":[{"href":"https:\/\/www.meleyacht.it\/index.php?rest_route=\/wp\/v2\/product\/3830"}],"collection":[{"href":"https:\/\/www.meleyacht.it\/index.php?rest_route=\/wp\/v2\/product"}],"about":[{"href":"https:\/\/www.meleyacht.it\/index.php?rest_route=\/wp\/v2\/types\/product"}],"wp:featuredmedia":[{"embeddable":true,"href":"https:\/\/www.meleyacht.it\/index.php?rest_route=\/wp\/v2\/media\/3831"}],"wp:attachment":[{"href":"https:\/\/www.meleyacht.it\/index.php?rest_route=%2Fwp%2Fv2%2Fmedia&parent=3830"}],"wp:term":[{"taxonomy":"product_cat","embeddable":true,"href":"https:\/\/www.meleyacht.it\/index.php?rest_route=%2Fwp%2Fv2%2Fproduct_cat&post=3830"},{"taxonomy":"product_tag","embeddable":true,"href":"https:\/\/www.meleyacht.it\/index.php?rest_route=%2Fwp%2Fv2%2Fproduct_tag&post=3830"}],"curies":[{"name":"wp","href":"https:\/\/api.w.org\/{rel}","templated":true}]}}