{"id":3493,"date":"2025-11-20T15:54:07","date_gmt":"2025-11-20T14:54:07","guid":{"rendered":"https:\/\/www.meleyacht.it\/?post_type=product&#038;p=3493"},"modified":"2025-11-20T16:03:57","modified_gmt":"2025-11-20T15:03:57","slug":"mano-37-grand-sport","status":"publish","type":"product","link":"https:\/\/www.meleyacht.it\/?product=mano-37-grand-sport","title":{"rendered":"Mano 37 Grand Sport"},"content":{"rendered":"<p><section class=\"kc-elm kc-css-913511 kc_row\"><div class=\"kc-row-container  kc-container\"><div class=\"kc-wrap-columns\"><div class=\"kc-elm kc-css-193403 kc_col-sm-6 kc_column kc_col-sm-6\"><div class=\"kc-col-container\"><div class=\"kc-elm kc-css-989290 kc_row kc_row_inner\"><div class=\"kc-elm kc-css-18124 kc_col-sm-6 kc_column_inner kc_col-sm-6\"><div class=\"kc_wrapper kc-col-inner-container\"><div class=\"kc-elm kc-css-687619 kc_text_block\"><\/p>\n<p><strong>Cantiere:<\/strong><\/p>\n<p>\n<\/div><\/div><\/div><div class=\"kc-elm kc-css-767698 kc_col-sm-6 kc_column_inner kc_col-sm-6\"><div class=\"kc_wrapper kc-col-inner-container\"><div class=\"kc-elm kc-css-448902 kc_text_block\"><\/p>\n<p>Mano Marine<\/p>\n<p>\n<\/div><\/div><\/div><\/div><div class=\"kc-elm kc-css-365956 kc_row kc_row_inner\"><div class=\"kc-elm kc-css-536261 kc_col-sm-6 kc_column_inner kc_col-sm-6\"><div class=\"kc_wrapper kc-col-inner-container\"><div class=\"kc-elm kc-css-265673 kc_text_block\"><\/p>\n<p><strong>Modello:<\/strong><\/p>\n<p>\n<\/div><\/div><\/div><div class=\"kc-elm kc-css-661142 kc_col-sm-6 kc_column_inner kc_col-sm-6\"><div class=\"kc_wrapper kc-col-inner-container\"><div class=\"kc-elm kc-css-125204 kc_text_block\"><\/p>\n<p>Mano 37 Grand Sport<\/p>\n<p>\n<\/div><\/div><\/div><\/div><div class=\"kc-elm kc-css-852610 kc_row kc_row_inner\"><div class=\"kc-elm kc-css-455195 kc_col-sm-6 kc_column_inner kc_col-sm-6\"><div class=\"kc_wrapper kc-col-inner-container\"><div class=\"kc-elm kc-css-384344 kc_text_block\"><\/p>\n<p><strong>Tipo Barca:<\/strong><\/p>\n<p>\n<\/div><\/div><\/div><div class=\"kc-elm kc-css-510982 kc_col-sm-6 kc_column_inner kc_col-sm-6\"><div class=\"kc_wrapper kc-col-inner-container\"><div class=\"kc-elm kc-css-378517 kc_text_block\"><\/p>\n<p>Open\u00a0<\/p>\n<p>\n<\/div><\/div><\/div><\/div><div class=\"kc-elm kc-css-65655 kc_row kc_row_inner\"><div class=\"kc-elm kc-css-399378 kc_col-sm-6 kc_column_inner kc_col-sm-6\"><div class=\"kc_wrapper kc-col-inner-container\"><div class=\"kc-elm kc-css-567819 kc_text_block\"><\/p>\n<p><strong>Anno:<\/strong><\/p>\n<p>\n<\/div><\/div><\/div><div class=\"kc-elm kc-css-345166 kc_col-sm-6 kc_column_inner kc_col-sm-6\"><div class=\"kc_wrapper kc-col-inner-container\"><div class=\"kc-elm kc-css-134886 kc_text_block\"><\/p>\n<p>2012<\/p>\n<p>\n<\/div><\/div><\/div><\/div><div class=\"kc-elm kc-css-986629 kc_row kc_row_inner\"><div class=\"kc-elm kc-css-695536 kc_col-sm-6 kc_column_inner kc_col-sm-6\"><div class=\"kc_wrapper kc-col-inner-container\"><div class=\"kc-elm kc-css-688810 kc_text_block\"><\/p>\n<p><strong>Motorizzazione:<\/strong><\/p>\n<p>\n<\/div><\/div><\/div><div class=\"kc-elm kc-css-147260 kc_col-sm-6 kc_column_inner kc_col-sm-6\"><div class=\"kc_wrapper kc-col-inner-container\"><div class=\"kc-elm kc-css-598673 kc_text_block\"><\/p>\n<p>2 x 270 Yanmar<\/p>\n<p>\n<\/div><\/div><\/div><\/div><div class=\"kc-elm kc-css-588157 kc_row kc_row_inner\"><div class=\"kc-elm kc-css-557423 kc_col-sm-6 kc_column_inner kc_col-sm-6\"><div class=\"kc_wrapper kc-col-inner-container\"><div class=\"kc-elm kc-css-774515 kc_text_block\"><\/p>\n<p><strong>Ore motori:<\/strong><\/p>\n<p>\n<\/div><\/div><\/div><div class=\"kc-elm kc-css-793790 kc_col-sm-6 kc_column_inner kc_col-sm-6\"><div class=\"kc_wrapper kc-col-inner-container\"><div class=\"kc-elm kc-css-984482 kc_text_block\"><\/p>\n<p>600<\/p>\n<p>\n<\/div><\/div><\/div><\/div><div class=\"kc-elm kc-css-568065 kc_row kc_row_inner\"><div class=\"kc-elm kc-css-116243 kc_col-sm-6 kc_column_inner kc_col-sm-6\"><div class=\"kc_wrapper kc-col-inner-container\"><div class=\"kc-elm kc-css-997698 kc_text_block\"><\/p>\n<p><strong>Velocit\u00e1 Massima:<\/strong><\/p>\n<p>\n<\/div><\/div><\/div><div class=\"kc-elm kc-css-335826 kc_col-sm-6 kc_column_inner kc_col-sm-6\"><div class=\"kc_wrapper kc-col-inner-container\"><div class=\"kc-elm kc-css-870493 kc_text_block\"><\/p>\n<p>33<\/p>\n<p>\n<\/div><\/div><\/div><\/div><div class=\"kc-elm kc-css-983053 kc_row kc_row_inner\"><div class=\"kc-elm kc-css-584889 kc_col-sm-6 kc_column_inner kc_col-sm-6\"><div class=\"kc_wrapper kc-col-inner-container\"><div class=\"kc-elm kc-css-678012 kc_text_block\"><\/p>\n<p><strong>Velocit\u00e1 di crociera:<\/strong><\/p>\n<p>\n<\/div><\/div><\/div><div class=\"kc-elm kc-css-216335 kc_col-sm-6 kc_column_inner kc_col-sm-6\"><div class=\"kc_wrapper kc-col-inner-container\"><div class=\"kc-elm kc-css-183570 kc_text_block\"><\/p>\n<p>24<\/p>\n<p>\n<\/div><\/div><\/div><\/div><\/div><\/div><div class=\"kc-elm kc-css-993920 kc_col-sm-6 kc_column kc_col-sm-6\"><div class=\"kc-col-container\"><div class=\"kc-elm kc-css-155969 kc_row kc_row_inner\"><div class=\"kc-elm kc-css-259139 kc_col-sm-6 kc_column_inner kc_col-sm-6\"><div class=\"kc_wrapper kc-col-inner-container\"><div class=\"kc-elm kc-css-140602 kc_text_block\"><\/p>\n<p><strong>Loa:<\/strong><\/p>\n<p>\n<\/div><\/div><\/div><div class=\"kc-elm kc-css-257018 kc_col-sm-6 kc_column_inner kc_col-sm-6\"><div class=\"kc_wrapper kc-col-inner-container\"><div class=\"kc-elm kc-css-558073 kc_text_block\"><\/p>\n<p>9,95 mt<\/p>\n<p>\n<\/div><\/div><\/div><\/div><div class=\"kc-elm kc-css-359166 kc_row kc_row_inner\"><div class=\"kc-elm kc-css-378097 kc_col-sm-6 kc_column_inner kc_col-sm-6\"><div class=\"kc_wrapper kc-col-inner-container\"><div class=\"kc-elm kc-css-461598 kc_text_block\"><\/p>\n<p><strong>Larghezza:<\/strong><\/p>\n<p>\n<\/div><\/div><\/div><div class=\"kc-elm kc-css-765212 kc_col-sm-6 kc_column_inner kc_col-sm-6\"><div class=\"kc_wrapper kc-col-inner-container\"><div class=\"kc-elm kc-css-181021 kc_text_block\"><\/p>\n<p>3,50 mt<\/p>\n<p>\n<\/div><\/div><\/div><\/div><div class=\"kc-elm kc-css-591260 kc_row kc_row_inner\"><div class=\"kc-elm kc-css-567733 kc_col-sm-6 kc_column_inner kc_col-sm-6\"><div class=\"kc_wrapper kc-col-inner-container\"><div class=\"kc-elm kc-css-10001 kc_text_block\"><\/p>\n<p><strong>Pescaggio:<\/strong><\/p>\n<p>\n<\/div><\/div><\/div><div class=\"kc-elm kc-css-958700 kc_col-sm-6 kc_column_inner kc_col-sm-6\"><div class=\"kc_wrapper kc-col-inner-container\"><div class=\"kc-elm kc-css-749523 kc_text_block\"><\/p>\n<p>1,20<\/p>\n<p>\n<\/div><\/div><\/div><\/div><div class=\"kc-elm kc-css-758411 kc_row kc_row_inner\"><div class=\"kc-elm kc-css-963377 kc_col-sm-6 kc_column_inner kc_col-sm-6\"><div class=\"kc_wrapper kc-col-inner-container\"><div class=\"kc-elm kc-css-522959 kc_text_block\"><\/p>\n<p><strong>Cabine:<\/strong><\/p>\n<p>\n<\/div><\/div><\/div><div class=\"kc-elm kc-css-285070 kc_col-sm-6 kc_column_inner kc_col-sm-6\"><div class=\"kc_wrapper kc-col-inner-container\"><div class=\"kc-elm kc-css-268943 kc_text_block\"><\/p>\n<p>2<\/p>\n<p>\n<\/div><\/div><\/div><\/div><div class=\"kc-elm kc-css-937966 kc_row kc_row_inner\"><div class=\"kc-elm kc-css-314148 kc_col-sm-6 kc_column_inner kc_col-sm-6\"><div class=\"kc_wrapper kc-col-inner-container\"><div class=\"kc-elm kc-css-301903 kc_text_block\"><\/p>\n<p><strong>Carburante:<\/strong><\/p>\n<p>\n<\/div><\/div><\/div><div class=\"kc-elm kc-css-749670 kc_col-sm-6 kc_column_inner kc_col-sm-6\"><div class=\"kc_wrapper kc-col-inner-container\"><div class=\"kc-elm kc-css-698733 kc_text_block\"><\/p>\n<p>800 lt<\/p>\n<p>\n<\/div><\/div><\/div><\/div><div class=\"kc-elm kc-css-86986 kc_row kc_row_inner\"><div class=\"kc-elm kc-css-682173 kc_col-sm-6 kc_column_inner kc_col-sm-6\"><div class=\"kc_wrapper kc-col-inner-container\"><div class=\"kc-elm kc-css-829206 kc_text_block\"><\/p>\n<p><strong>Acqua:<\/strong><\/p>\n<p>\n<\/div><\/div><\/div><div class=\"kc-elm kc-css-965222 kc_col-sm-6 kc_column_inner kc_col-sm-6\"><div class=\"kc_wrapper kc-col-inner-container\"><div class=\"kc-elm kc-css-732992 kc_text_block\"><\/p>\n<p>150 lt<\/p>\n<p>\n<\/div><\/div><\/div><\/div><div class=\"kc-elm kc-css-316809 kc_row kc_row_inner\"><div class=\"kc-elm kc-css-569704 kc_col-sm-6 kc_column_inner kc_col-sm-6\"><div class=\"kc_wrapper kc-col-inner-container\"><div class=\"kc-elm kc-css-801572 kc_text_block\"><\/p>\n<p><strong>Dislocamento:<\/strong><\/p>\n<p>\n<\/div><\/div><\/div><div class=\"kc-elm kc-css-648262 kc_col-sm-6 kc_column_inner kc_col-sm-6\"><div class=\"kc_wrapper kc-col-inner-container\"><div class=\"kc-elm kc-css-751003 kc_text_block\"><\/p>\n<p>\n<\/div><\/div><\/div><\/div><div class=\"kc-elm kc-css-823169 kc_row kc_row_inner\"><div class=\"kc-elm kc-css-603128 kc_col-sm-6 kc_column_inner kc_col-sm-6\"><div class=\"kc_wrapper kc-col-inner-container\"><div class=\"kc-elm kc-css-913773 kc_text_block\"><\/p>\n<p><strong>Prezzo:<\/strong><\/p>\n<p>\n<\/div><\/div><\/div><div class=\"kc-elm kc-css-262766 kc_col-sm-6 kc_column_inner kc_col-sm-6\"><div class=\"kc_wrapper kc-col-inner-container\"><div class=\"kc-elm kc-css-589655 kc_text_block\"><\/p>\n<p>140.000 \u20ac<\/p>\n<p>\n<\/div><\/div><\/div><\/div><\/div><\/div><\/div><\/div><\/section><section class=\"kc-elm kc-css-767745 kc_row\"><div class=\"kc-row-container  kc-container\"><div class=\"kc-wrap-columns\"><div class=\"kc-elm kc-css-502145 kc_col-sm-12 kc_column kc_col-sm-12\"><div class=\"kc-col-container\"><div class=\"kc-elm kc-css-487516 kc_row kc_row_inner\"><div class=\"kc-elm kc-css-976190 kc_col-sm-6 kc_column_inner kc_col-sm-6\"><div class=\"kc_wrapper kc-col-inner-container\"><\/div><\/div><div class=\"kc-elm kc-css-328982 kc_col-sm-6 kc_column_inner kc_col-sm-6\"><div class=\"kc_wrapper kc-col-inner-container\">\n<div class=\"kc-elm kc-css-778308 kc-pro-button kc-button-3\">\n\t<a href=\"https:\/\/www.meleyacht.it\/?page_id=174\">\n\t\t<span class=\"creative_title\">RICHIEDI INFORMAZIONI <\/span>\t<\/a>\n<\/div>\n<\/div><\/div><\/div><div class=\"kc-elm kc-css-302399 kc_text_block\"><\/p>\n<p>Descrizione<\/p>\n<p>un\u2019imbarcazione new concept per Man\u00f2 Marine, che punta su un profilo slanciato e interni dedicati alle crociere a medio e largo raggio<\/p>\n<p>Il Gran Sport all\u2019ormeggio si nota subito per le linee di poppa che mettono in evidenza un layout dalle curve morbide e il pozzetto completo, dove la piattaforma bagno assume un ruolo importante sia sotto il profilo puramente estetico che sotto quello funzionale, essendo il primo punto di contatto con l\u2019imbarcazione per accedervi a bordo. Le dimensioni sono massicce, ma ci\u00f2 aumenta il comfort in fase d\u2019imbarco o di risalita dall\u2019acqua, in quanto la superficie calpestabile m\u00e8 ampia e antisdrucciolo. L\u2019accesso a bordo \u00e8 facile, basta infatti seguire il corridoio centrale per trovarsi al centro della dinette. Questa ospita due divani che propongono nella parte sottostante dei gavoni e sul piano di calpestio due staffe che supportano altrettanti tavoli singoli. A centro pagliolo un mobile in vetroresina divide l\u2019area soggiorno da quella di pilotaggio. Nella parte rivolta verso poppa c\u2019\u00e8 un angolo cottura mentre su quello opposto (lato guida), spicca un divano a tre posti, di cui il cuscino dedicato a chi guida \u00e8 sollevabile per timonare in piedi. Tre gradini per lato rivestiti di teak portano a prua, sulla tuga, dove un prendisole occupa tutta l\u2019area. Ora inverto il mio cammino e torno in pozzetto, dove noto delle tasche portaoggetti sulle murate.<\/p>\n<p>La dinette ha un\u2019altezza al centro di 2 metri. A sinistra proravia in alto ci sono il quadro elettrico generale, un obl\u00f2 e due cassetti, pi\u00f9 in basso ancora un divano. Sul lato opposto ci sono un sof\u00e0 pi\u00f9 piccolo e un secondo obl\u00f2.\u00a0<\/p>\n<p>La cabina armatoriale e quella ospiti hanno entrambe un letto matrimoniale.<\/p>\n<p>Accessori<br \/>Posti letto: 4-5<br \/>Cabine: 2<br \/>WC: Marine elettrico con doccia separata<br \/>Cucina: Esterna\/interna con frigorifero, fornello, microonde<br \/>Pozzetto: Spazioso, con divani e tavoli convertibili in prendisole<br \/>scaletta bagno, elica di prua<br \/>Accessori aggiuntivi: boiler, TV, stereo e impianto audio<\/p>\n<p>\n<\/div><div class=\"kc-elm kc-css-49217 kc_row kc_row_inner\"><div class=\"kc-elm kc-css-246088 kc_col-sm-4 kc_column_inner kc_col-sm-4\"><div class=\"kc_wrapper kc-col-inner-container\"><\/div><\/div><div class=\"kc-elm kc-css-300625 kc_col-sm-4 kc_column_inner kc_col-sm-4\"><div class=\"kc_wrapper kc-col-inner-container\"><div class=\"kc-elm kc-css-357616 kc-raw-code\">\t<\/div><div class=\"kc-elm kc-css-999825\" style=\"height: 20px; clear: both; width:100%;\"><\/div><\/div><\/div><div class=\"kc-elm kc-css-891787 kc_col-sm-4 kc_column_inner kc_col-sm-4\"><div class=\"kc_wrapper kc-col-inner-container\"><div class=\"kc-elm kc-css-38401 kc-raw-code\"><class name=\"formpdf\" ><form method=\"POST\" action=\"CreaPdf.php\" target=\"_blank\"><input type=\"hidden\" value=\"creapdf\" name=\"pdf\"><input type=\"hidden\" value=\"3493\" name=\"idProdotto\"><input type=\"submit\" value=\"SCHEDA PDF\"><\/form><\/class>\t<\/div><div class=\"kc-elm kc-css-875924\" style=\"height: 20px; clear: both; width:100%;\"><\/div><\/div><\/div><\/div><\/div><\/div><\/div><\/div><\/section><section class=\"kc-elm kc-css-427712 kc_row\"><div class=\"kc-row-container  kc-container\"><div class=\"kc-wrap-columns\"><div class=\"kc-elm kc-css-117140 kc_col-of-5 kc_column kc_col-of-5\"><div class=\"kc-col-container\"><\/div><\/div><div class=\"kc-elm kc-css-123933 kc_col-of-5 kc_column kc_col-of-5\"><div class=\"kc-col-container\"><\/div><\/div><div class=\"kc-elm kc-css-943301 kc_col-of-5 kc_column kc_col-of-5\"><div class=\"kc-col-container\"><\/div><\/div><div class=\"kc-elm kc-css-945336 kc_col-of-5 kc_column kc_col-of-5\"><div class=\"kc-col-container\"><\/div><\/div><div class=\"kc-elm kc-css-482101 kc_col-of-5 kc_column kc_col-of-5\"><div class=\"kc-col-container\"><div class=\"widget widget_search kc-elm kc-css-551671\"><h2 class=\"widgettitle\">Cerca<\/h2><form role=\"search\" method=\"get\" class=\"search-form\" action=\"https:\/\/www.meleyacht.it\/\">\n\t\t\t\t<label>\n\t\t\t\t\t<span class=\"screen-reader-text\">Ricerca per:<\/span>\n\t\t\t\t\t<input type=\"search\" class=\"search-field\" placeholder=\"Cerca &hellip;\" value=\"\" name=\"s\" \/>\n\t\t\t\t<\/label>\n\t\t\t\t<input type=\"submit\" class=\"search-submit\" value=\"Cerca\" \/>\n\t\t\t<\/form><\/div><div class=\"kc-elm kc-css-253990\" style=\"height: 10px; clear: both; width:100%;\"><\/div><div class=\"kc-elm kc-css-127863 kc_text_block\"><\/p>\n<p>\nNews &#038; Eventi<\/p>\n<p>\n<\/div><div class=\"kc-carousel-post kc-elm kc-css-226657\"><div class=\"kc-owl-post-carousel owl-carousel list-post category \" data-owl-options='{\"items\":\"1\",\"mobile\":\"1\",\"tablet\":\"1\",\"speed\":500,\"navigation\":\"\",\"pagination\":\"yes\",\"autoheight\":\"\",\"autoplay\":\"yes\"}'>\t\t<div class=\"item list-item post-3732\">\n\n\t\t\t<div class=\"post-content\">\n\n\t\t\t\t<div class=\"image\"><img width=\"150\" height=\"150\" src=\"https:\/\/www.meleyacht.it\/wp-content\/uploads\/2026\/03\/WhatsApp-Image-2026-03-10-at-11.35.32-150x150.jpeg\" class=\"attachment-thumbnail size-thumbnail wp-post-image\" alt=\"\" loading=\"lazy\" srcset=\"https:\/\/www.meleyacht.it\/wp-content\/uploads\/2026\/03\/WhatsApp-Image-2026-03-10-at-11.35.32-150x150.jpeg 150w, https:\/\/www.meleyacht.it\/wp-content\/uploads\/2026\/03\/WhatsApp-Image-2026-03-10-at-11.35.32-300x300.jpeg 300w, https:\/\/www.meleyacht.it\/wp-content\/uploads\/2026\/03\/WhatsApp-Image-2026-03-10-at-11.35.32-100x100.jpeg 100w\" sizes=\"(max-width: 150px) 100vw, 150px\" \/><h3 class=\"caption\"><a href=\"https:\/\/www.meleyacht.it\/?p=3732\">COLUMBUS ATLANTIQUE 38M LAUNCH CEREMONY &#8211; M\/Y PRINCIPESSA CAPRICCIOSA<\/a><\/h3><\/div>\n\t\t\t\t\n\t\t\t\t<div class=\"in-post-content\">Savona, March 10 2026 &#8211; Columbus Yachts announces the launch of the Atlantique 38-metre M\/Y Principessa Capricciosa. The latest addition is the most compact model ...<\/div>\n\t\t\t\t\t\t\t<\/div>\n\n\t\t<\/div>\n\t\t\t\t<div class=\"item list-item post-3386\">\n\n\t\t\t<div class=\"post-content\">\n\n\t\t\t\t<div class=\"image\"><img width=\"150\" height=\"150\" src=\"https:\/\/www.meleyacht.it\/wp-content\/uploads\/2025\/08\/IMG-20250828-WA0010-150x150.jpg\" class=\"attachment-thumbnail size-thumbnail wp-post-image\" alt=\"\" loading=\"lazy\" srcset=\"https:\/\/www.meleyacht.it\/wp-content\/uploads\/2025\/08\/IMG-20250828-WA0010-150x150.jpg 150w, https:\/\/www.meleyacht.it\/wp-content\/uploads\/2025\/08\/IMG-20250828-WA0010-300x300.jpg 300w, https:\/\/www.meleyacht.it\/wp-content\/uploads\/2025\/08\/IMG-20250828-WA0010-100x100.jpg 100w\" sizes=\"(max-width: 150px) 100vw, 150px\" \/><h3 class=\"caption\"><a href=\"https:\/\/www.meleyacht.it\/?p=3386\">Cannes Yachting Festival<\/a><\/h3><\/div>\n\t\t\t\t\n\t\t\t\t<div class=\"in-post-content\">Siamo lieti di annunciare la nostra partecipazione, come di consuetudine, al Cannes Yachting Festival, che si terr\u00e0 dal 9 al 14 settembre 2025. Questo prestigioso ...<\/div>\n\t\t\t\t\t\t\t<\/div>\n\n\t\t<\/div>\n\t\t\t\t<div class=\"item list-item post-3243\">\n\n\t\t\t<div class=\"post-content\">\n\n\t\t\t\t<div class=\"image\"><img width=\"150\" height=\"150\" src=\"https:\/\/www.meleyacht.it\/wp-content\/uploads\/2025\/01\/Assia-e-Salvatore-Mele_-Mele-Yacht-1024x768-1-150x150.jpg\" class=\"attachment-thumbnail size-thumbnail wp-post-image\" alt=\"\" loading=\"lazy\" srcset=\"https:\/\/www.meleyacht.it\/wp-content\/uploads\/2025\/01\/Assia-e-Salvatore-Mele_-Mele-Yacht-1024x768-1-150x150.jpg 150w, https:\/\/www.meleyacht.it\/wp-content\/uploads\/2025\/01\/Assia-e-Salvatore-Mele_-Mele-Yacht-1024x768-1-300x300.jpg 300w, https:\/\/www.meleyacht.it\/wp-content\/uploads\/2025\/01\/Assia-e-Salvatore-Mele_-Mele-Yacht-1024x768-1-100x100.jpg 100w\" sizes=\"(max-width: 150px) 100vw, 150px\" \/><h3 class=\"caption\"><a href=\"https:\/\/www.meleyacht.it\/?p=3243\">Assia e Salvatore, le due met\u00e0 della Mele<\/a><\/h3><\/div>\n\t\t\t\t\n\t\t\t\t<div class=\"in-post-content\">Timonano con orgoglio Mele Yacht, societ\u00e0 partenopea a conduzione familiare nata dal desiderio di&nbsp;Antimo Mele, pioniere nella vendita di imbarcazioni di alta qualit\u00e0, di trasmettere ...<\/div>\n\t\t\t\t\t\t\t<\/div>\n\n\t\t<\/div>\n\t\t\t\t<div class=\"item list-item post-3237\">\n\n\t\t\t<div class=\"post-content\">\n\n\t\t\t\t<div class=\"image\"><img width=\"150\" height=\"150\" src=\"https:\/\/www.meleyacht.it\/wp-content\/uploads\/2025\/01\/Cattura-150x150.jpg\" class=\"attachment-thumbnail size-thumbnail wp-post-image\" alt=\"\" loading=\"lazy\" srcset=\"https:\/\/www.meleyacht.it\/wp-content\/uploads\/2025\/01\/Cattura-150x150.jpg 150w, https:\/\/www.meleyacht.it\/wp-content\/uploads\/2025\/01\/Cattura-300x300.jpg 300w, https:\/\/www.meleyacht.it\/wp-content\/uploads\/2025\/01\/Cattura-100x100.jpg 100w\" sizes=\"(max-width: 150px) 100vw, 150px\" \/><h3 class=\"caption\"><a href=\"https:\/\/www.meleyacht.it\/?p=3237\">Cannes Yachting Festival 2024<\/a><\/h3><\/div>\n\t\t\t\t\n\t\t\t\t<div class=\"in-post-content\">9-14 Settembre 2024 Mele Yacht sar\u00e0 lieta di incontrare i propri clienti al Cannes Yachting Festival 2024 per celebrare i 47 anni del pi\u00f9 grande ...<\/div>\n\t\t\t\t\t\t\t<\/div>\n\n\t\t<\/div>\n\t\t\t\t<div class=\"item list-item post-3230\">\n\n\t\t\t<div class=\"post-content\">\n\n\t\t\t\t<div class=\"image\"><img width=\"150\" height=\"150\" src=\"https:\/\/www.meleyacht.it\/wp-content\/uploads\/2025\/01\/cannes-yachting-festival-2023-150x150.jpg\" class=\"attachment-thumbnail size-thumbnail wp-post-image\" alt=\"\" loading=\"lazy\" srcset=\"https:\/\/www.meleyacht.it\/wp-content\/uploads\/2025\/01\/cannes-yachting-festival-2023-150x150.jpg 150w, https:\/\/www.meleyacht.it\/wp-content\/uploads\/2025\/01\/cannes-yachting-festival-2023-300x300.jpg 300w, https:\/\/www.meleyacht.it\/wp-content\/uploads\/2025\/01\/cannes-yachting-festival-2023-100x100.jpg 100w\" sizes=\"(max-width: 150px) 100vw, 150px\" \/><h3 class=\"caption\"><a href=\"https:\/\/www.meleyacht.it\/?p=3230\">Cannes Yachting Festival 2023<\/a><\/h3><\/div>\n\t\t\t\t\n\t\t\t\t<div class=\"in-post-content\">12-17 Settembre 2023 Mele Yacht sar\u00e0 lieta di incontrare i propri clienti al Cannes Yachting Festival 2023 per celebrare i 46 anni del pi\u00f9 grande ...<\/div>\n\t\t\t\t\t\t\t<\/div>\n\n\t\t<\/div>\n\t\t<\/div><\/div><div class=\"kc-elm kc-css-33137\" style=\"height: 20px; clear: both; width:100%;\"><\/div><\/div><\/div><\/div><\/div><\/section><\/p>\n","protected":false},"excerpt":{"rendered":"","protected":false},"featured_media":3494,"template":"","meta":[],"product_cat":[96,134,32,230,108],"product_tag":[],"_links":{"self":[{"href":"https:\/\/www.meleyacht.it\/index.php?rest_route=\/wp\/v2\/product\/3493"}],"collection":[{"href":"https:\/\/www.meleyacht.it\/index.php?rest_route=\/wp\/v2\/product"}],"about":[{"href":"https:\/\/www.meleyacht.it\/index.php?rest_route=\/wp\/v2\/types\/product"}],"wp:featuredmedia":[{"embeddable":true,"href":"https:\/\/www.meleyacht.it\/index.php?rest_route=\/wp\/v2\/media\/3494"}],"wp:attachment":[{"href":"https:\/\/www.meleyacht.it\/index.php?rest_route=%2Fwp%2Fv2%2Fmedia&parent=3493"}],"wp:term":[{"taxonomy":"product_cat","embeddable":true,"href":"https:\/\/www.meleyacht.it\/index.php?rest_route=%2Fwp%2Fv2%2Fproduct_cat&post=3493"},{"taxonomy":"product_tag","embeddable":true,"href":"https:\/\/www.meleyacht.it\/index.php?rest_route=%2Fwp%2Fv2%2Fproduct_tag&post=3493"}],"curies":[{"name":"wp","href":"https:\/\/api.w.org\/{rel}","templated":true}]}}