{"id":3449,"date":"2025-11-05T10:15:57","date_gmt":"2025-11-05T09:15:57","guid":{"rendered":"https:\/\/www.meleyacht.it\/?post_type=product&#038;p=3449"},"modified":"2025-11-06T16:00:38","modified_gmt":"2025-11-06T15:00:38","slug":"falcon-90","status":"publish","type":"product","link":"https:\/\/www.meleyacht.it\/?product=falcon-90","title":{"rendered":"Falcon 90"},"content":{"rendered":"<p><section class=\"kc-elm kc-css-851325 kc_row\"><div class=\"kc-row-container  kc-container\"><div class=\"kc-wrap-columns\"><div class=\"kc-elm kc-css-578936 kc_col-sm-6 kc_column kc_col-sm-6\"><div class=\"kc-col-container\"><div class=\"kc-elm kc-css-424420 kc_row kc_row_inner\"><div class=\"kc-elm kc-css-894112 kc_col-sm-6 kc_column_inner kc_col-sm-6\"><div class=\"kc_wrapper kc-col-inner-container\"><div class=\"kc-elm kc-css-254732 kc_text_block\"><\/p>\n<p><strong>Cantiere:<\/strong><\/p>\n<p>\n<\/div><\/div><\/div><div class=\"kc-elm kc-css-305753 kc_col-sm-6 kc_column_inner kc_col-sm-6\"><div class=\"kc_wrapper kc-col-inner-container\"><div class=\"kc-elm kc-css-660984 kc_text_block\"><\/p>\n<p>Versilcraft<\/p>\n<p>\n<\/div><\/div><\/div><\/div><div class=\"kc-elm kc-css-300744 kc_row kc_row_inner\"><div class=\"kc-elm kc-css-661551 kc_col-sm-6 kc_column_inner kc_col-sm-6\"><div class=\"kc_wrapper kc-col-inner-container\"><div class=\"kc-elm kc-css-949835 kc_text_block\"><\/p>\n<p><strong>Modello:<\/strong><\/p>\n<p>\n<\/div><\/div><\/div><div class=\"kc-elm kc-css-154464 kc_col-sm-6 kc_column_inner kc_col-sm-6\"><div class=\"kc_wrapper kc-col-inner-container\"><div class=\"kc-elm kc-css-220973 kc_text_block\"><\/p>\n<p>Falcon 90<\/p>\n<p>\n<\/div><\/div><\/div><\/div><div class=\"kc-elm kc-css-985705 kc_row kc_row_inner\"><div class=\"kc-elm kc-css-730344 kc_col-sm-6 kc_column_inner kc_col-sm-6\"><div class=\"kc_wrapper kc-col-inner-container\"><div class=\"kc-elm kc-css-790355 kc_text_block\"><\/p>\n<p><strong>Tipo Barca:<\/strong><\/p>\n<p>\n<\/div><\/div><\/div><div class=\"kc-elm kc-css-688979 kc_col-sm-6 kc_column_inner kc_col-sm-6\"><div class=\"kc_wrapper kc-col-inner-container\"><div class=\"kc-elm kc-css-58241 kc_text_block\"><\/p>\n<p>Open<\/p>\n<p>\n<\/div><\/div><\/div><\/div><div class=\"kc-elm kc-css-528502 kc_row kc_row_inner\"><div class=\"kc-elm kc-css-450201 kc_col-sm-6 kc_column_inner kc_col-sm-6\"><div class=\"kc_wrapper kc-col-inner-container\"><div class=\"kc-elm kc-css-234970 kc_text_block\"><\/p>\n<p><strong>Anno:<\/strong><\/p>\n<p>\n<\/div><\/div><\/div><div class=\"kc-elm kc-css-722856 kc_col-sm-6 kc_column_inner kc_col-sm-6\"><div class=\"kc_wrapper kc-col-inner-container\"><div class=\"kc-elm kc-css-63038 kc_text_block\"><\/p>\n<p>1999<\/p>\n<p>\n<\/div><\/div><\/div><\/div><div class=\"kc-elm kc-css-751913 kc_row kc_row_inner\"><div class=\"kc-elm kc-css-301480 kc_col-sm-6 kc_column_inner kc_col-sm-6\"><div class=\"kc_wrapper kc-col-inner-container\"><div class=\"kc-elm kc-css-905288 kc_text_block\"><\/p>\n<p><strong>Motorizzazione:<\/strong><\/p>\n<p>\n<\/div><\/div><\/div><div class=\"kc-elm kc-css-144075 kc_col-sm-6 kc_column_inner kc_col-sm-6\"><div class=\"kc_wrapper kc-col-inner-container\"><div class=\"kc-elm kc-css-898824 kc_text_block\"><\/p>\n<p>MTU 16V 2 x 2000<\/p>\n<p>\n<\/div><\/div><\/div><\/div><div class=\"kc-elm kc-css-176958 kc_row kc_row_inner\"><div class=\"kc-elm kc-css-872818 kc_col-sm-6 kc_column_inner kc_col-sm-6\"><div class=\"kc_wrapper kc-col-inner-container\"><div class=\"kc-elm kc-css-555163 kc_text_block\"><\/p>\n<p><strong>Ore motori:<\/strong><\/p>\n<p>\n<\/div><\/div><\/div><div class=\"kc-elm kc-css-309750 kc_col-sm-6 kc_column_inner kc_col-sm-6\"><div class=\"kc_wrapper kc-col-inner-container\"><div class=\"kc-elm kc-css-612436 kc_text_block\"><\/p>\n<p>1600<\/p>\n<p>\n<\/div><\/div><\/div><\/div><div class=\"kc-elm kc-css-864290 kc_row kc_row_inner\"><div class=\"kc-elm kc-css-667824 kc_col-sm-6 kc_column_inner kc_col-sm-6\"><div class=\"kc_wrapper kc-col-inner-container\"><div class=\"kc-elm kc-css-513800 kc_text_block\"><\/p>\n<p><strong>Velocit\u00e1 Massima:<\/strong><\/p>\n<p>\n<\/div><\/div><\/div><div class=\"kc-elm kc-css-917723 kc_col-sm-6 kc_column_inner kc_col-sm-6\"><div class=\"kc_wrapper kc-col-inner-container\"><div class=\"kc-elm kc-css-672295 kc_text_block\"><\/p>\n<p>29 nodi<\/p>\n<p>\n<\/div><\/div><\/div><\/div><div class=\"kc-elm kc-css-600972 kc_row kc_row_inner\"><div class=\"kc-elm kc-css-473133 kc_col-sm-6 kc_column_inner kc_col-sm-6\"><div class=\"kc_wrapper kc-col-inner-container\"><div class=\"kc-elm kc-css-390674 kc_text_block\"><\/p>\n<p><strong>Velocit\u00e1 di crociera:<\/strong><\/p>\n<p>\n<\/div><\/div><\/div><div class=\"kc-elm kc-css-124359 kc_col-sm-6 kc_column_inner kc_col-sm-6\"><div class=\"kc_wrapper kc-col-inner-container\"><div class=\"kc-elm kc-css-873159 kc_text_block\"><\/p>\n<p>25 nodi<\/p>\n<p>\n<\/div><\/div><\/div><\/div><\/div><\/div><div class=\"kc-elm kc-css-163214 kc_col-sm-6 kc_column kc_col-sm-6\"><div class=\"kc-col-container\"><div class=\"kc-elm kc-css-58467 kc_row kc_row_inner\"><div class=\"kc-elm kc-css-329306 kc_col-sm-6 kc_column_inner kc_col-sm-6\"><div class=\"kc_wrapper kc-col-inner-container\"><div class=\"kc-elm kc-css-694267 kc_text_block\"><\/p>\n<p><strong>Loa:<\/strong><\/p>\n<p>\n<\/div><\/div><\/div><div class=\"kc-elm kc-css-744710 kc_col-sm-6 kc_column_inner kc_col-sm-6\"><div class=\"kc_wrapper kc-col-inner-container\"><div class=\"kc-elm kc-css-436098 kc_text_block\"><\/p>\n<p>27,60 mt<\/p>\n<p>\n<\/div><\/div><\/div><\/div><div class=\"kc-elm kc-css-618295 kc_row kc_row_inner\"><div class=\"kc-elm kc-css-107035 kc_col-sm-6 kc_column_inner kc_col-sm-6\"><div class=\"kc_wrapper kc-col-inner-container\"><div class=\"kc-elm kc-css-881688 kc_text_block\"><\/p>\n<p><strong>Larghezza:<\/strong><\/p>\n<p>\n<\/div><\/div><\/div><div class=\"kc-elm kc-css-995771 kc_col-sm-6 kc_column_inner kc_col-sm-6\"><div class=\"kc_wrapper kc-col-inner-container\"><div class=\"kc-elm kc-css-671587 kc_text_block\"><\/p>\n<p>6,60 mt<\/p>\n<p>\n<\/div><\/div><\/div><\/div><div class=\"kc-elm kc-css-26346 kc_row kc_row_inner\"><div class=\"kc-elm kc-css-765173 kc_col-sm-6 kc_column_inner kc_col-sm-6\"><div class=\"kc_wrapper kc-col-inner-container\"><div class=\"kc-elm kc-css-142169 kc_text_block\"><\/p>\n<p><strong>Pescaggio:<\/strong><\/p>\n<p>\n<\/div><\/div><\/div><div class=\"kc-elm kc-css-330493 kc_col-sm-6 kc_column_inner kc_col-sm-6\"><div class=\"kc_wrapper kc-col-inner-container\"><div class=\"kc-elm kc-css-197573 kc_text_block\"><\/p>\n<p>2,00 mt<\/p>\n<p>\n<\/div><\/div><\/div><\/div><div class=\"kc-elm kc-css-205103 kc_row kc_row_inner\"><div class=\"kc-elm kc-css-401282 kc_col-sm-6 kc_column_inner kc_col-sm-6\"><div class=\"kc_wrapper kc-col-inner-container\"><div class=\"kc-elm kc-css-792312 kc_text_block\"><\/p>\n<p><strong>Cabine:<\/strong><\/p>\n<p>\n<\/div><\/div><\/div><div class=\"kc-elm kc-css-911244 kc_col-sm-6 kc_column_inner kc_col-sm-6\"><div class=\"kc_wrapper kc-col-inner-container\"><div class=\"kc-elm kc-css-278697 kc_text_block\"><\/p>\n<p>4<\/p>\n<p>\n<\/div><\/div><\/div><\/div><div class=\"kc-elm kc-css-251234 kc_row kc_row_inner\"><div class=\"kc-elm kc-css-808180 kc_col-sm-6 kc_column_inner kc_col-sm-6\"><div class=\"kc_wrapper kc-col-inner-container\"><div class=\"kc-elm kc-css-631864 kc_text_block\"><\/p>\n<p><strong>Carburante:<\/strong><\/p>\n<p>\n<\/div><\/div><\/div><div class=\"kc-elm kc-css-42753 kc_col-sm-6 kc_column_inner kc_col-sm-6\"><div class=\"kc_wrapper kc-col-inner-container\"><div class=\"kc-elm kc-css-340786 kc_text_block\"><\/p>\n<p>8500 lt<\/p>\n<p>\n<\/div><\/div><\/div><\/div><div class=\"kc-elm kc-css-638723 kc_row kc_row_inner\"><div class=\"kc-elm kc-css-571702 kc_col-sm-6 kc_column_inner kc_col-sm-6\"><div class=\"kc_wrapper kc-col-inner-container\"><div class=\"kc-elm kc-css-860427 kc_text_block\"><\/p>\n<p><strong>Acqua:<\/strong><\/p>\n<p>\n<\/div><\/div><\/div><div class=\"kc-elm kc-css-191966 kc_col-sm-6 kc_column_inner kc_col-sm-6\"><div class=\"kc_wrapper kc-col-inner-container\"><div class=\"kc-elm kc-css-507283 kc_text_block\"><\/p>\n<p>1500 lt<\/p>\n<p>\n<\/div><\/div><\/div><\/div><div class=\"kc-elm kc-css-875170 kc_row kc_row_inner\"><div class=\"kc-elm kc-css-43587 kc_col-sm-6 kc_column_inner kc_col-sm-6\"><div class=\"kc_wrapper kc-col-inner-container\"><div class=\"kc-elm kc-css-476727 kc_text_block\"><\/p>\n<p><strong>Dislocamento:<\/strong><\/p>\n<p>\n<\/div><\/div><\/div><div class=\"kc-elm kc-css-134297 kc_col-sm-6 kc_column_inner kc_col-sm-6\"><div class=\"kc_wrapper kc-col-inner-container\"><div class=\"kc-elm kc-css-665257 kc_text_block\"><\/p>\n<p>85000 kg<\/p>\n<p>\n<\/div><\/div><\/div><\/div><div class=\"kc-elm kc-css-146453 kc_row kc_row_inner\"><div class=\"kc-elm kc-css-20444 kc_col-sm-6 kc_column_inner kc_col-sm-6\"><div class=\"kc_wrapper kc-col-inner-container\"><div class=\"kc-elm kc-css-43457 kc_text_block\"><\/p>\n<p><strong>Prezzo:<\/strong><\/p>\n<p>\n<\/div><\/div><\/div><div class=\"kc-elm kc-css-93153 kc_col-sm-6 kc_column_inner kc_col-sm-6\"><div class=\"kc_wrapper kc-col-inner-container\"><div class=\"kc-elm kc-css-299616 kc_text_block\"><\/p>\n<p>Trattativa Riservata<\/p>\n<p>\n<\/div><\/div><\/div><\/div><\/div><\/div><\/div><\/div><\/section><section class=\"kc-elm kc-css-912711 kc_row\"><div class=\"kc-row-container  kc-container\"><div class=\"kc-wrap-columns\"><div class=\"kc-elm kc-css-146771 kc_col-sm-12 kc_column kc_col-sm-12\"><div class=\"kc-col-container\"><div class=\"kc-elm kc-css-115622 kc_row kc_row_inner\"><div class=\"kc-elm kc-css-222067 kc_col-sm-6 kc_column_inner kc_col-sm-6\"><div class=\"kc_wrapper kc-col-inner-container\"><\/div><\/div><div class=\"kc-elm kc-css-164154 kc_col-sm-6 kc_column_inner kc_col-sm-6\"><div class=\"kc_wrapper kc-col-inner-container\">\n<div class=\"kc-elm kc-css-392044 kc-pro-button kc-button-3\">\n\t<a href=\"https:\/\/www.meleyacht.it\/?page_id=174\">\n\t\t<span class=\"creative_title\">RICHIEDI INFORMAZIONI <\/span>\t<\/a>\n<\/div>\n<\/div><\/div><\/div><div class=\"kc-elm kc-css-621318 kc_text_block\"><\/p>\n<p>Bellissimo e classico Falcon 90 in condizioni fantastiche. Falcon Yachts \u00e8 stata fondata oltre 25 anni fa ed era una societ\u00e0 affiliata di Cantieri Navali Italiani. Hanno una reputazione per la costruzione di yacht di lusso di fascia alta da 80 a 115 piedi. Questo Falcon 90 \u00e8 stato uno dei loro best-seller.<br \/>La quantit\u00e0 di spazio sul flybridge \u00e8 immensa!<br \/>Il Falcon 90 ha una zona salotto e pranzo dalle forme meravigliose, con un&#8217;ampia area prendisole a babordo. Nessun fly sarebbe completo senza un mobile bar, ovviamente. La dotazione comprende un ice maker, un frigorifero, una griglia a lava e un lavello.<br \/>La postazione di comando del flybridge, situata a babordo, offre un&#8217;ottima visibilit\u00e0 e posti a sedere per due. L&#8217;accesso al ponte principale dal flybridge \u00e8 possibile tramite la porta scorrevole. Questa si trova proprio accanto alla postazione di comando a dritta, cos\u00ec come dalla scala principale di poppa.<br \/>Il ponte principale del Falcon 90 \u00e8 enorme! Come ci si aspetterebbe da un 90 piedi. A partire dal pozzetto, la quantit\u00e0 di spazio aperto sul ponte \u00e8 sublime e immediatamente rilassante. Nella parte posteriore del pozzetto sono presenti posti a sedere e al centro \u00e8 posizionato un tavolo da pranzo.Sui ponti laterali, il pavimento in teak massello si estende fino a prua. Sono presenti porte laterali apribili sia a babordo che a tribordo, una dalla cucina e l&#8217;altra dalla postazione di comando principale. A prua si trova un&#8217;ampia area prendisole, abbastanza grande da ospitare quattro persone per rilassarsi e godersi la brezza marina.<br \/>Sono presenti due verricelli idraulici ad alta resistenza e ancore, entrambi con oltre 100 metri di catena. La zona equipaggio \u00e8 accessibile da prua, con due cabine con letti gemelli. Entrambe dispongono di TV e di ampi spazi di stivaggio. Le camere da letto sono inoltre dotate di bagno privato con WC, lavandini e docce.<br \/>Sul ponte principale, l&#8217;ampia piattaforma da bagno \u00e8 accessibile da entrambi i lati tramite due ampie e robuste scale.<\/p>\n<p>Anno 2024<\/p>\n<p>&#8211; verniciata striscia laterale blu in murata<\/p>\n<p>&#8211; rifatti scarichi<\/p>\n<p>&#8211; pulizia scambiatori<\/p>\n<p>&#8211; cambiate prese di mare<\/p>\n<p>&#8211; materassi nuovi<\/p>\n<p>\n<\/div><div class=\"kc-elm kc-css-212695 kc_row kc_row_inner\"><div class=\"kc-elm kc-css-691353 kc_col-sm-4 kc_column_inner kc_col-sm-4\"><div class=\"kc_wrapper kc-col-inner-container\"><\/div><\/div><div class=\"kc-elm kc-css-370252 kc_col-sm-4 kc_column_inner kc_col-sm-4\"><div class=\"kc_wrapper kc-col-inner-container\"><div class=\"kc-elm kc-css-988380 kc-raw-code\">\t<\/div><div class=\"kc-elm kc-css-832282\" style=\"height: 20px; clear: both; width:100%;\"><\/div><\/div><\/div><div class=\"kc-elm kc-css-920562 kc_col-sm-4 kc_column_inner kc_col-sm-4\"><div class=\"kc_wrapper kc-col-inner-container\"><div class=\"kc-elm kc-css-809993 kc-raw-code\"><class name=\"formpdf\" ><form method=\"POST\" action=\"CreaPdf.php\" target=\"_blank\"><input type=\"hidden\" value=\"creapdf\" name=\"pdf\"><input type=\"hidden\" value=\"3449\" name=\"idProdotto\"><input type=\"submit\" value=\"SCHEDA PDF\"><\/form><\/class>\t<\/div><div class=\"kc-elm kc-css-25970\" style=\"height: 20px; clear: both; width:100%;\"><\/div><\/div><\/div><\/div><\/div><\/div><\/div><\/div><\/section><section class=\"kc-elm kc-css-120038 kc_row\"><div class=\"kc-row-container  kc-container\"><div class=\"kc-wrap-columns\"><div class=\"kc-elm kc-css-587720 kc_col-of-5 kc_column kc_col-of-5\"><div class=\"kc-col-container\"><\/div><\/div><div class=\"kc-elm kc-css-663543 kc_col-of-5 kc_column kc_col-of-5\"><div class=\"kc-col-container\"><\/div><\/div><div class=\"kc-elm kc-css-599243 kc_col-of-5 kc_column kc_col-of-5\"><div class=\"kc-col-container\"><\/div><\/div><div class=\"kc-elm kc-css-560446 kc_col-of-5 kc_column kc_col-of-5\"><div class=\"kc-col-container\"><\/div><\/div><div class=\"kc-elm kc-css-525261 kc_col-of-5 kc_column kc_col-of-5\"><div class=\"kc-col-container\"><div class=\"widget widget_search kc-elm kc-css-894598\"><h2 class=\"widgettitle\">Cerca<\/h2><form role=\"search\" method=\"get\" class=\"search-form\" action=\"https:\/\/www.meleyacht.it\/\">\n\t\t\t\t<label>\n\t\t\t\t\t<span class=\"screen-reader-text\">Ricerca per:<\/span>\n\t\t\t\t\t<input type=\"search\" class=\"search-field\" placeholder=\"Cerca &hellip;\" value=\"\" name=\"s\" \/>\n\t\t\t\t<\/label>\n\t\t\t\t<input type=\"submit\" class=\"search-submit\" value=\"Cerca\" \/>\n\t\t\t<\/form><\/div><div class=\"kc-elm kc-css-179225\" style=\"height: 10px; clear: both; width:100%;\"><\/div><div class=\"kc-elm kc-css-579101 kc_text_block\"><\/p>\n<p>\nNews &#038; Eventi<\/p>\n<p>\n<\/div><div class=\"kc-carousel-post kc-elm kc-css-320351\"><div class=\"kc-owl-post-carousel owl-carousel list-post category \" data-owl-options='{\"items\":\"1\",\"mobile\":\"1\",\"tablet\":\"1\",\"speed\":500,\"navigation\":\"\",\"pagination\":\"yes\",\"autoheight\":\"\",\"autoplay\":\"yes\"}'>\t\t<div class=\"item list-item post-3732\">\n\n\t\t\t<div class=\"post-content\">\n\n\t\t\t\t<div class=\"image\"><img width=\"150\" height=\"150\" src=\"https:\/\/www.meleyacht.it\/wp-content\/uploads\/2026\/03\/WhatsApp-Image-2026-03-10-at-11.35.32-150x150.jpeg\" class=\"attachment-thumbnail size-thumbnail wp-post-image\" alt=\"\" loading=\"lazy\" srcset=\"https:\/\/www.meleyacht.it\/wp-content\/uploads\/2026\/03\/WhatsApp-Image-2026-03-10-at-11.35.32-150x150.jpeg 150w, https:\/\/www.meleyacht.it\/wp-content\/uploads\/2026\/03\/WhatsApp-Image-2026-03-10-at-11.35.32-300x300.jpeg 300w, https:\/\/www.meleyacht.it\/wp-content\/uploads\/2026\/03\/WhatsApp-Image-2026-03-10-at-11.35.32-100x100.jpeg 100w\" sizes=\"(max-width: 150px) 100vw, 150px\" \/><h3 class=\"caption\"><a href=\"https:\/\/www.meleyacht.it\/?p=3732\">COLUMBUS ATLANTIQUE 38M LAUNCH CEREMONY &#8211; M\/Y PRINCIPESSA CAPRICCIOSA<\/a><\/h3><\/div>\n\t\t\t\t\n\t\t\t\t<div class=\"in-post-content\">Savona, March 10 2026 &#8211; Columbus Yachts announces the launch of the Atlantique 38-metre M\/Y Principessa Capricciosa. The latest addition is the most compact model ...<\/div>\n\t\t\t\t\t\t\t<\/div>\n\n\t\t<\/div>\n\t\t\t\t<div class=\"item list-item post-3386\">\n\n\t\t\t<div class=\"post-content\">\n\n\t\t\t\t<div class=\"image\"><img width=\"150\" height=\"150\" src=\"https:\/\/www.meleyacht.it\/wp-content\/uploads\/2025\/08\/IMG-20250828-WA0010-150x150.jpg\" class=\"attachment-thumbnail size-thumbnail wp-post-image\" alt=\"\" loading=\"lazy\" srcset=\"https:\/\/www.meleyacht.it\/wp-content\/uploads\/2025\/08\/IMG-20250828-WA0010-150x150.jpg 150w, https:\/\/www.meleyacht.it\/wp-content\/uploads\/2025\/08\/IMG-20250828-WA0010-300x300.jpg 300w, https:\/\/www.meleyacht.it\/wp-content\/uploads\/2025\/08\/IMG-20250828-WA0010-100x100.jpg 100w\" sizes=\"(max-width: 150px) 100vw, 150px\" \/><h3 class=\"caption\"><a href=\"https:\/\/www.meleyacht.it\/?p=3386\">Cannes Yachting Festival<\/a><\/h3><\/div>\n\t\t\t\t\n\t\t\t\t<div class=\"in-post-content\">Siamo lieti di annunciare la nostra partecipazione, come di consuetudine, al Cannes Yachting Festival, che si terr\u00e0 dal 9 al 14 settembre 2025. Questo prestigioso ...<\/div>\n\t\t\t\t\t\t\t<\/div>\n\n\t\t<\/div>\n\t\t\t\t<div class=\"item list-item post-3243\">\n\n\t\t\t<div class=\"post-content\">\n\n\t\t\t\t<div class=\"image\"><img width=\"150\" height=\"150\" src=\"https:\/\/www.meleyacht.it\/wp-content\/uploads\/2025\/01\/Assia-e-Salvatore-Mele_-Mele-Yacht-1024x768-1-150x150.jpg\" class=\"attachment-thumbnail size-thumbnail wp-post-image\" alt=\"\" loading=\"lazy\" srcset=\"https:\/\/www.meleyacht.it\/wp-content\/uploads\/2025\/01\/Assia-e-Salvatore-Mele_-Mele-Yacht-1024x768-1-150x150.jpg 150w, https:\/\/www.meleyacht.it\/wp-content\/uploads\/2025\/01\/Assia-e-Salvatore-Mele_-Mele-Yacht-1024x768-1-300x300.jpg 300w, https:\/\/www.meleyacht.it\/wp-content\/uploads\/2025\/01\/Assia-e-Salvatore-Mele_-Mele-Yacht-1024x768-1-100x100.jpg 100w\" sizes=\"(max-width: 150px) 100vw, 150px\" \/><h3 class=\"caption\"><a href=\"https:\/\/www.meleyacht.it\/?p=3243\">Assia e Salvatore, le due met\u00e0 della Mele<\/a><\/h3><\/div>\n\t\t\t\t\n\t\t\t\t<div class=\"in-post-content\">Timonano con orgoglio Mele Yacht, societ\u00e0 partenopea a conduzione familiare nata dal desiderio di&nbsp;Antimo Mele, pioniere nella vendita di imbarcazioni di alta qualit\u00e0, di trasmettere ...<\/div>\n\t\t\t\t\t\t\t<\/div>\n\n\t\t<\/div>\n\t\t\t\t<div class=\"item list-item post-3237\">\n\n\t\t\t<div class=\"post-content\">\n\n\t\t\t\t<div class=\"image\"><img width=\"150\" height=\"150\" src=\"https:\/\/www.meleyacht.it\/wp-content\/uploads\/2025\/01\/Cattura-150x150.jpg\" class=\"attachment-thumbnail size-thumbnail wp-post-image\" alt=\"\" loading=\"lazy\" srcset=\"https:\/\/www.meleyacht.it\/wp-content\/uploads\/2025\/01\/Cattura-150x150.jpg 150w, https:\/\/www.meleyacht.it\/wp-content\/uploads\/2025\/01\/Cattura-300x300.jpg 300w, https:\/\/www.meleyacht.it\/wp-content\/uploads\/2025\/01\/Cattura-100x100.jpg 100w\" sizes=\"(max-width: 150px) 100vw, 150px\" \/><h3 class=\"caption\"><a href=\"https:\/\/www.meleyacht.it\/?p=3237\">Cannes Yachting Festival 2024<\/a><\/h3><\/div>\n\t\t\t\t\n\t\t\t\t<div class=\"in-post-content\">9-14 Settembre 2024 Mele Yacht sar\u00e0 lieta di incontrare i propri clienti al Cannes Yachting Festival 2024 per celebrare i 47 anni del pi\u00f9 grande ...<\/div>\n\t\t\t\t\t\t\t<\/div>\n\n\t\t<\/div>\n\t\t\t\t<div class=\"item list-item post-3230\">\n\n\t\t\t<div class=\"post-content\">\n\n\t\t\t\t<div class=\"image\"><img width=\"150\" height=\"150\" src=\"https:\/\/www.meleyacht.it\/wp-content\/uploads\/2025\/01\/cannes-yachting-festival-2023-150x150.jpg\" class=\"attachment-thumbnail size-thumbnail wp-post-image\" alt=\"\" loading=\"lazy\" srcset=\"https:\/\/www.meleyacht.it\/wp-content\/uploads\/2025\/01\/cannes-yachting-festival-2023-150x150.jpg 150w, https:\/\/www.meleyacht.it\/wp-content\/uploads\/2025\/01\/cannes-yachting-festival-2023-300x300.jpg 300w, https:\/\/www.meleyacht.it\/wp-content\/uploads\/2025\/01\/cannes-yachting-festival-2023-100x100.jpg 100w\" sizes=\"(max-width: 150px) 100vw, 150px\" \/><h3 class=\"caption\"><a href=\"https:\/\/www.meleyacht.it\/?p=3230\">Cannes Yachting Festival 2023<\/a><\/h3><\/div>\n\t\t\t\t\n\t\t\t\t<div class=\"in-post-content\">12-17 Settembre 2023 Mele Yacht sar\u00e0 lieta di incontrare i propri clienti al Cannes Yachting Festival 2023 per celebrare i 46 anni del pi\u00f9 grande ...<\/div>\n\t\t\t\t\t\t\t<\/div>\n\n\t\t<\/div>\n\t\t<\/div><\/div><div class=\"kc-elm kc-css-857240\" style=\"height: 20px; clear: both; width:100%;\"><\/div><\/div><\/div><\/div><\/div><\/section><\/p>\n","protected":false},"excerpt":{"rendered":"","protected":false},"featured_media":3450,"template":"","meta":[],"product_cat":[83,153,21,35,108],"product_tag":[],"_links":{"self":[{"href":"https:\/\/www.meleyacht.it\/index.php?rest_route=\/wp\/v2\/product\/3449"}],"collection":[{"href":"https:\/\/www.meleyacht.it\/index.php?rest_route=\/wp\/v2\/product"}],"about":[{"href":"https:\/\/www.meleyacht.it\/index.php?rest_route=\/wp\/v2\/types\/product"}],"wp:featuredmedia":[{"embeddable":true,"href":"https:\/\/www.meleyacht.it\/index.php?rest_route=\/wp\/v2\/media\/3450"}],"wp:attachment":[{"href":"https:\/\/www.meleyacht.it\/index.php?rest_route=%2Fwp%2Fv2%2Fmedia&parent=3449"}],"wp:term":[{"taxonomy":"product_cat","embeddable":true,"href":"https:\/\/www.meleyacht.it\/index.php?rest_route=%2Fwp%2Fv2%2Fproduct_cat&post=3449"},{"taxonomy":"product_tag","embeddable":true,"href":"https:\/\/www.meleyacht.it\/index.php?rest_route=%2Fwp%2Fv2%2Fproduct_tag&post=3449"}],"curies":[{"name":"wp","href":"https:\/\/api.w.org\/{rel}","templated":true}]}}