{"id":3256,"date":"2025-03-27T11:45:34","date_gmt":"2025-03-27T10:45:34","guid":{"rendered":"https:\/\/www.meleyacht.it\/?post_type=product&#038;p=3256"},"modified":"2025-03-27T11:45:34","modified_gmt":"2025-03-27T10:45:34","slug":"pershing-spa-64","status":"publish","type":"product","link":"https:\/\/www.meleyacht.it\/?product=pershing-spa-64","title":{"rendered":"Pershing Spa 64"},"content":{"rendered":"<p><section class=\"kc-elm kc-css-698917 kc_row\"><div class=\"kc-row-container  kc-container\"><div class=\"kc-wrap-columns\"><div class=\"kc-elm kc-css-950027 kc_col-sm-6 kc_column kc_col-sm-6\"><div class=\"kc-col-container\"><div class=\"kc-elm kc-css-111374 kc_row kc_row_inner\"><div class=\"kc-elm kc-css-772171 kc_col-sm-6 kc_column_inner kc_col-sm-6\"><div class=\"kc_wrapper kc-col-inner-container\"><div class=\"kc-elm kc-css-13859 kc_text_block\"><\/p>\n<p><strong>Cantiere:<\/strong><\/p>\n<p>\n<\/div><\/div><\/div><div class=\"kc-elm kc-css-143042 kc_col-sm-6 kc_column_inner kc_col-sm-6\"><div class=\"kc_wrapper kc-col-inner-container\"><div class=\"kc-elm kc-css-482535 kc_text_block\"><\/p>\n<p>Pershing\u00a0<\/p>\n<p>\n<\/div><\/div><\/div><\/div><div class=\"kc-elm kc-css-778144 kc_row kc_row_inner\"><div class=\"kc-elm kc-css-164174 kc_col-sm-6 kc_column_inner kc_col-sm-6\"><div class=\"kc_wrapper kc-col-inner-container\"><div class=\"kc-elm kc-css-154580 kc_text_block\"><\/p>\n<p><strong>Modello:<\/strong><\/p>\n<p>\n<\/div><\/div><\/div><div class=\"kc-elm kc-css-660588 kc_col-sm-6 kc_column_inner kc_col-sm-6\"><div class=\"kc_wrapper kc-col-inner-container\"><div class=\"kc-elm kc-css-836780 kc_text_block\"><\/p>\n<p>64<\/p>\n<p>\n<\/div><\/div><\/div><\/div><div class=\"kc-elm kc-css-886102 kc_row kc_row_inner\"><div class=\"kc-elm kc-css-854817 kc_col-sm-6 kc_column_inner kc_col-sm-6\"><div class=\"kc_wrapper kc-col-inner-container\"><div class=\"kc-elm kc-css-715588 kc_text_block\"><\/p>\n<p><strong>Tipo Barca:<\/strong><\/p>\n<p>\n<\/div><\/div><\/div><div class=\"kc-elm kc-css-376220 kc_col-sm-6 kc_column_inner kc_col-sm-6\"><div class=\"kc_wrapper kc-col-inner-container\"><div class=\"kc-elm kc-css-877714 kc_text_block\"><\/p>\n<p>Hard Top<\/p>\n<p>\n<\/div><\/div><\/div><\/div><div class=\"kc-elm kc-css-377215 kc_row kc_row_inner\"><div class=\"kc-elm kc-css-957298 kc_col-sm-6 kc_column_inner kc_col-sm-6\"><div class=\"kc_wrapper kc-col-inner-container\"><div class=\"kc-elm kc-css-369043 kc_text_block\"><\/p>\n<p><strong>Anno:<\/strong><\/p>\n<p>\n<\/div><\/div><\/div><div class=\"kc-elm kc-css-357720 kc_col-sm-6 kc_column_inner kc_col-sm-6\"><div class=\"kc_wrapper kc-col-inner-container\"><div class=\"kc-elm kc-css-188418 kc_text_block\"><\/p>\n<p>2010<\/p>\n<p>\n<\/div><\/div><\/div><\/div><div class=\"kc-elm kc-css-174207 kc_row kc_row_inner\"><div class=\"kc-elm kc-css-441198 kc_col-sm-6 kc_column_inner kc_col-sm-6\"><div class=\"kc_wrapper kc-col-inner-container\"><div class=\"kc-elm kc-css-211955 kc_text_block\"><\/p>\n<p><strong>Motorizzazione:<\/strong><\/p>\n<p>\n<\/div><\/div><\/div><div class=\"kc-elm kc-css-618796 kc_col-sm-6 kc_column_inner kc_col-sm-6\"><div class=\"kc_wrapper kc-col-inner-container\"><div class=\"kc-elm kc-css-4321 kc_text_block\"><\/p>\n<p>MAN D2842LE433n 2 x 1550\u00a0<\/p>\n<p>\n<\/div><\/div><\/div><\/div><div class=\"kc-elm kc-css-101502 kc_row kc_row_inner\"><div class=\"kc-elm kc-css-200776 kc_col-sm-6 kc_column_inner kc_col-sm-6\"><div class=\"kc_wrapper kc-col-inner-container\"><div class=\"kc-elm kc-css-888399 kc_text_block\"><\/p>\n<p><strong>Ore motori:<\/strong><\/p>\n<p>\n<\/div><\/div><\/div><div class=\"kc-elm kc-css-82128 kc_col-sm-6 kc_column_inner kc_col-sm-6\"><div class=\"kc_wrapper kc-col-inner-container\"><div class=\"kc-elm kc-css-626454 kc_text_block\"><\/p>\n<p>800<\/p>\n<p>\n<\/div><\/div><\/div><\/div><div class=\"kc-elm kc-css-680804 kc_row kc_row_inner\"><div class=\"kc-elm kc-css-820381 kc_col-sm-6 kc_column_inner kc_col-sm-6\"><div class=\"kc_wrapper kc-col-inner-container\"><div class=\"kc-elm kc-css-364393 kc_text_block\"><\/p>\n<p><strong>Velocit\u00e1 Massima:<\/strong><\/p>\n<p>\n<\/div><\/div><\/div><div class=\"kc-elm kc-css-323228 kc_col-sm-6 kc_column_inner kc_col-sm-6\"><div class=\"kc_wrapper kc-col-inner-container\"><div class=\"kc-elm kc-css-142098 kc_text_block\"><\/p>\n<p>48 nodi<\/p>\n<p>\n<\/div><\/div><\/div><\/div><div class=\"kc-elm kc-css-190456 kc_row kc_row_inner\"><div class=\"kc-elm kc-css-699101 kc_col-sm-6 kc_column_inner kc_col-sm-6\"><div class=\"kc_wrapper kc-col-inner-container\"><div class=\"kc-elm kc-css-802414 kc_text_block\"><\/p>\n<p><strong>Velocit\u00e1 di crociera:<\/strong><\/p>\n<p>\n<\/div><\/div><\/div><div class=\"kc-elm kc-css-348063 kc_col-sm-6 kc_column_inner kc_col-sm-6\"><div class=\"kc_wrapper kc-col-inner-container\"><div class=\"kc-elm kc-css-309814 kc_text_block\"><\/p>\n<p>40 nodi<\/p>\n<p>\n<\/div><\/div><\/div><\/div><\/div><\/div><div class=\"kc-elm kc-css-517666 kc_col-sm-6 kc_column kc_col-sm-6\"><div class=\"kc-col-container\"><div class=\"kc-elm kc-css-208658 kc_row kc_row_inner\"><div class=\"kc-elm kc-css-461355 kc_col-sm-6 kc_column_inner kc_col-sm-6\"><div class=\"kc_wrapper kc-col-inner-container\"><div class=\"kc-elm kc-css-36751 kc_text_block\"><\/p>\n<p><strong>Loa:<\/strong><\/p>\n<p>\n<\/div><\/div><\/div><div class=\"kc-elm kc-css-218923 kc_col-sm-6 kc_column_inner kc_col-sm-6\"><div class=\"kc_wrapper kc-col-inner-container\"><div class=\"kc-elm kc-css-708252 kc_text_block\"><\/p>\n<p>20,04 mt<\/p>\n<p>\n<\/div><\/div><\/div><\/div><div class=\"kc-elm kc-css-313923 kc_row kc_row_inner\"><div class=\"kc-elm kc-css-907760 kc_col-sm-6 kc_column_inner kc_col-sm-6\"><div class=\"kc_wrapper kc-col-inner-container\"><div class=\"kc-elm kc-css-126211 kc_text_block\"><\/p>\n<p><strong>Larghezza:<\/strong><\/p>\n<p>\n<\/div><\/div><\/div><div class=\"kc-elm kc-css-505322 kc_col-sm-6 kc_column_inner kc_col-sm-6\"><div class=\"kc_wrapper kc-col-inner-container\"><div class=\"kc-elm kc-css-274877 kc_text_block\"><\/p>\n<p>5,00 mt<\/p>\n<p>\n<\/div><\/div><\/div><\/div><div class=\"kc-elm kc-css-620141 kc_row kc_row_inner\"><div class=\"kc-elm kc-css-16949 kc_col-sm-6 kc_column_inner kc_col-sm-6\"><div class=\"kc_wrapper kc-col-inner-container\"><div class=\"kc-elm kc-css-579313 kc_text_block\"><\/p>\n<p><strong>Pescaggio:<\/strong><\/p>\n<p>\n<\/div><\/div><\/div><div class=\"kc-elm kc-css-337327 kc_col-sm-6 kc_column_inner kc_col-sm-6\"><div class=\"kc_wrapper kc-col-inner-container\"><div class=\"kc-elm kc-css-611659 kc_text_block\"><\/p>\n<p>0,90 mt<\/p>\n<p>\n<\/div><\/div><\/div><\/div><div class=\"kc-elm kc-css-574112 kc_row kc_row_inner\"><div class=\"kc-elm kc-css-55546 kc_col-sm-6 kc_column_inner kc_col-sm-6\"><div class=\"kc_wrapper kc-col-inner-container\"><div class=\"kc-elm kc-css-535734 kc_text_block\"><\/p>\n<p><strong>Cabine:<\/strong><\/p>\n<p>\n<\/div><\/div><\/div><div class=\"kc-elm kc-css-731498 kc_col-sm-6 kc_column_inner kc_col-sm-6\"><div class=\"kc_wrapper kc-col-inner-container\"><div class=\"kc-elm kc-css-831310 kc_text_block\"><\/p>\n<p>3<\/p>\n<p>\n<\/div><\/div><\/div><\/div><div class=\"kc-elm kc-css-685637 kc_row kc_row_inner\"><div class=\"kc-elm kc-css-393955 kc_col-sm-6 kc_column_inner kc_col-sm-6\"><div class=\"kc_wrapper kc-col-inner-container\"><div class=\"kc-elm kc-css-230617 kc_text_block\"><\/p>\n<p><strong>Carburante:<\/strong><\/p>\n<p>\n<\/div><\/div><\/div><div class=\"kc-elm kc-css-631440 kc_col-sm-6 kc_column_inner kc_col-sm-6\"><div class=\"kc_wrapper kc-col-inner-container\"><div class=\"kc-elm kc-css-283387 kc_text_block\"><\/p>\n<p>3500 litri<\/p>\n<p>\n<\/div><\/div><\/div><\/div><div class=\"kc-elm kc-css-135499 kc_row kc_row_inner\"><div class=\"kc-elm kc-css-420317 kc_col-sm-6 kc_column_inner kc_col-sm-6\"><div class=\"kc_wrapper kc-col-inner-container\"><div class=\"kc-elm kc-css-795118 kc_text_block\"><\/p>\n<p><strong>Acqua:<\/strong><\/p>\n<p>\n<\/div><\/div><\/div><div class=\"kc-elm kc-css-659979 kc_col-sm-6 kc_column_inner kc_col-sm-6\"><div class=\"kc_wrapper kc-col-inner-container\"><div class=\"kc-elm kc-css-730294 kc_text_block\"><\/p>\n<p>900 lt<\/p>\n<p>\n<\/div><\/div><\/div><\/div><div class=\"kc-elm kc-css-954739 kc_row kc_row_inner\"><div class=\"kc-elm kc-css-11389 kc_col-sm-6 kc_column_inner kc_col-sm-6\"><div class=\"kc_wrapper kc-col-inner-container\"><div class=\"kc-elm kc-css-291856 kc_text_block\"><\/p>\n<p><strong>Dislocamento:<\/strong><\/p>\n<p>\n<\/div><\/div><\/div><div class=\"kc-elm kc-css-711710 kc_col-sm-6 kc_column_inner kc_col-sm-6\"><div class=\"kc_wrapper kc-col-inner-container\"><div class=\"kc-elm kc-css-777715 kc_text_block\"><\/p>\n<p>35900 Kg<\/p>\n<p>\n<\/div><\/div><\/div><\/div><div class=\"kc-elm kc-css-140912 kc_row kc_row_inner\"><div class=\"kc-elm kc-css-194039 kc_col-sm-6 kc_column_inner kc_col-sm-6\"><div class=\"kc_wrapper kc-col-inner-container\"><div class=\"kc-elm kc-css-44063 kc_text_block\"><\/p>\n<p><strong>Prezzo:<\/strong><\/p>\n<p>\n<\/div><\/div><\/div><div class=\"kc-elm kc-css-877145 kc_col-sm-6 kc_column_inner kc_col-sm-6\"><div class=\"kc_wrapper kc-col-inner-container\"><div class=\"kc-elm kc-css-184730 kc_text_block\"><\/p>\n<p>Trattativa Riservata<\/p>\n<p>\n<\/div><\/div><\/div><\/div><\/div><\/div><\/div><\/div><\/section><section class=\"kc-elm kc-css-444739 kc_row\"><div class=\"kc-row-container  kc-container\"><div class=\"kc-wrap-columns\"><div class=\"kc-elm kc-css-559317 kc_col-sm-12 kc_column kc_col-sm-12\"><div class=\"kc-col-container\"><div class=\"kc-elm kc-css-33249 kc_row kc_row_inner\"><div class=\"kc-elm kc-css-810465 kc_col-sm-6 kc_column_inner kc_col-sm-6\"><div class=\"kc_wrapper kc-col-inner-container\"><\/div><\/div><div class=\"kc-elm kc-css-540267 kc_col-sm-6 kc_column_inner kc_col-sm-6\"><div class=\"kc_wrapper kc-col-inner-container\">\n<div class=\"kc-elm kc-css-980294 kc-pro-button kc-button-3\">\n\t<a href=\"https:\/\/www.meleyacht.it\/?page_id=174\">\n\t\t<span class=\"creative_title\">RICHIEDI INFORMAZIONI <\/span>\t<\/a>\n<\/div>\n<\/div><\/div><\/div><div class=\"kc-elm kc-css-760140 kc_text_block\"><\/p>\n<p>Pershing 64 progettata per chi desidera unire lusso ,comfort e prestazioni elevate grazie alla sua velocit\u00e0 e alla qualit\u00e0 e funzionalit\u00e0 degli ambienti.<\/p>\n<p>Descrizione Interni<br \/>Layout cabine:<\/p>\n<p>&#8211; 3 cabine, tutte con bagno en suite<br \/>&#8211; Cabina armatoriale matrimoniale<br \/>&#8211; 2 cabine ospiti, una matrimoniale e una doppia<br \/>&#8211; Cabina equipaggio con 2 letti<br \/>Dotata di salone molto ampio e luminoso e spazioso. Le sue vetrate panoramiche permettono una vista spettacolare sul mare, creando una connessione continua tra l&#8217;interno e l&#8217;esterno. Dotata di divani in pelle , spazio perfetto per il relax o per intrattenere gli ospiti.<\/p>\n<p>Cucina<br \/>La cucina del Pershing 64 \u00e8 progettata per essere moderna ed efficiente e funzionale. Situata in una posizione semi-aperta, si collega facilmente al salone. La cucina \u00e8 completamente attrezzata con elettrodomestici di alta gamma, tra cui piano cottura, forno, microonde, frigorifero e lavastoviglie.<br \/>Cabina Armatoriale<br \/>La cabina armatoriale situata a centro barca .Il letto matrimoniale \u00e8 grande e comodo. I grandi armadi offrono ampio spazio. La cabina \u00e8 dotata di un bagno privato, elegante e spazioso, con una doccia separata.<\/p>\n<p>Cabina VIP e Cabina Ospiti<br \/>La cabina VIP a prua, con un letto matrimoniale e armadi ampi. La cabina ospiti dispone di letti separati<\/p>\n<p>Zona di Comando<br \/>La postazione di pilotaggio \u00e8 ben posizionata e facilmente accessibile, con una visuale perfetta su tutti i lati della barca. I sedili ergonomici e il volante in pelle offrono un&#8217;esperienza di navigazione comoda e sicura, mentre i display touch screen e i sistemi elettronici avanzati facilitano il controllo dell&#8217;imbarcazione.<\/p>\n<p>ACCESSORI:<br \/>INVERTER, GPS, AUTOPILOTA RAYMARINE ST 6001, CRUSCOTTO PORTA STRUMENTI IN ABS RIVESTITO IN PELLE FRAU, MANETTE ELETTRONICHE, PANNELLI IN CARBONIO, N2 PANNELLI ELETTRONICI DIGITALI LCD CONTROLLO MOTORI, RADIO VHF SIMRAD RS 87, PANCA PILOTA IN PELLE FRAU, BUSSOLA MAGNETICA, INDICATORE ANGOLO DI BARRA, JOYSTICK PER FLAPS, JOYSTICK PER ELICA DI PRUA, JOYSTICK PER ELICA DI POPPA, JOYSTICK PER TRIM ASD, VOLANTE GUIDA RIVESTITO IN PELLE FRAU, ANTENNA TV DIGITALE, BUSSOLA, DOCCIA PRUA E POPPA, BOILER, ELICA DI PRUA , ELICA DI POPPA , ARIA CONDIZIONATA, PIANO COTTURA INDUZIONE E LAVABO ESTERNO, FRIGO ESTERNI, ICEMAKER IN POZZETTO, PIANO COTTURA AD INDUZIONE IN CUCINA, FRIGO A COLONNA IN CUCINA, CABINA VIP DI PRUA CON BAGNO EN SUITE CON BOX DOCCIA, CABINA ARMATORE A CENTRO BARCA CON BAGNO E BOX DOCCIA EN SUITE, CABINA OSPITI CON LETTI IN PARALLELO CON BAGNO E BOX DOCCIA, VERNICIATURA SCAFO E SOVRASTRUTTURA, SISTEMA PNEUMATICO BLOCCO CATENA, GENERATORE KHOLER 20 KW, CUSCINERIA OFF WHITE, WINCH DI TONNEGGIO DX\/SN, TELI COPRIVETRI, PLOTTER\/RADAR RAYMARINE C120, TV 19\u2019\u2019 IN CABINA OSPITI, TV 32\u2019\u2019 IN SALONE, BITTE LATERALI A SCOMPARSA INOX SULLA PLANCETTA, PIASTRA IN GHISA IN POZZETTO, CATENA IN ACCIAIO INOX 100 MT, CONTACATENA DIGITALE, TENDE ELETTRICHE NELLE CABINE E DINETTE, TV 19\u2019\u2019 IN CABINA OSPITI, TECK CAMMINAMENTI LATERALI, ANTENNA TV SATELLITARE, DISSALATORE, LAVASCIUGA, NOME RETROILLUMINATO, ZANZARIERE, LUCI SOTTO LA PLANCETTA,<\/p>\n<p>LAVORI ESEGUITI 2018 :<br \/>RIVERNICIATURA COMPLETA DELLA SOVRASTRUTTURA DA CASA MADRE<br \/>LAVORI ESEGUITI 2025 :<br \/>CARENA A ZERO<br \/>RIEQUILIBRATURA ELICHE<\/p>\n<p>\n<\/div><div class=\"kc-elm kc-css-665873 kc_row kc_row_inner\"><div class=\"kc-elm kc-css-477377 kc_col-sm-4 kc_column_inner kc_col-sm-4\"><div class=\"kc_wrapper kc-col-inner-container\"><\/div><\/div><div class=\"kc-elm kc-css-403248 kc_col-sm-4 kc_column_inner kc_col-sm-4\"><div class=\"kc_wrapper kc-col-inner-container\"><div class=\"kc-elm kc-css-931614 kc-raw-code\">\t<\/div><div class=\"kc-elm kc-css-888984\" style=\"height: 20px; clear: both; width:100%;\"><\/div><\/div><\/div><div class=\"kc-elm kc-css-825327 kc_col-sm-4 kc_column_inner kc_col-sm-4\"><div class=\"kc_wrapper kc-col-inner-container\"><div class=\"kc-elm kc-css-611673 kc-raw-code\"><class name=\"formpdf\" ><form method=\"POST\" action=\"CreaPdf.php\" target=\"_blank\"><input type=\"hidden\" value=\"creapdf\" name=\"pdf\"><input type=\"hidden\" value=\"3256\" name=\"idProdotto\"><input type=\"submit\" value=\"SCHEDA PDF\"><\/form><\/class>\t<\/div><div class=\"kc-elm kc-css-343737\" style=\"height: 20px; clear: both; width:100%;\"><\/div><\/div><\/div><\/div><\/div><\/div><\/div><\/div><\/section><section class=\"kc-elm kc-css-296239 kc_row\"><div class=\"kc-row-container  kc-container\"><div class=\"kc-wrap-columns\"><div class=\"kc-elm kc-css-38863 kc_col-of-5 kc_column kc_col-of-5\"><div class=\"kc-col-container\"><\/div><\/div><div class=\"kc-elm kc-css-871135 kc_col-of-5 kc_column kc_col-of-5\"><div class=\"kc-col-container\"><\/div><\/div><div class=\"kc-elm kc-css-304130 kc_col-of-5 kc_column kc_col-of-5\"><div class=\"kc-col-container\"><\/div><\/div><div class=\"kc-elm kc-css-239506 kc_col-of-5 kc_column kc_col-of-5\"><div class=\"kc-col-container\"><\/div><\/div><div class=\"kc-elm kc-css-170694 kc_col-of-5 kc_column kc_col-of-5\"><div class=\"kc-col-container\"><div class=\"widget widget_search kc-elm kc-css-456336\"><h2 class=\"widgettitle\">Cerca<\/h2><form role=\"search\" method=\"get\" class=\"search-form\" action=\"https:\/\/www.meleyacht.it\/\">\n\t\t\t\t<label>\n\t\t\t\t\t<span class=\"screen-reader-text\">Ricerca per:<\/span>\n\t\t\t\t\t<input type=\"search\" class=\"search-field\" placeholder=\"Cerca &hellip;\" value=\"\" name=\"s\" \/>\n\t\t\t\t<\/label>\n\t\t\t\t<input type=\"submit\" class=\"search-submit\" value=\"Cerca\" \/>\n\t\t\t<\/form><\/div><div class=\"kc-elm kc-css-718868\" style=\"height: 10px; clear: both; width:100%;\"><\/div><div class=\"kc-elm kc-css-231461 kc_text_block\"><\/p>\n<p>\nNews &#038; Eventi<\/p>\n<p>\n<\/div><div class=\"kc-carousel-post kc-elm kc-css-662538\"><div class=\"kc-owl-post-carousel owl-carousel list-post category \" data-owl-options='{\"items\":\"1\",\"mobile\":\"1\",\"tablet\":\"1\",\"speed\":500,\"navigation\":\"\",\"pagination\":\"yes\",\"autoheight\":\"\",\"autoplay\":\"yes\"}'>\t\t<div class=\"item list-item post-3732\">\n\n\t\t\t<div class=\"post-content\">\n\n\t\t\t\t<div class=\"image\"><img width=\"150\" height=\"150\" src=\"https:\/\/www.meleyacht.it\/wp-content\/uploads\/2026\/03\/WhatsApp-Image-2026-03-10-at-11.35.32-150x150.jpeg\" class=\"attachment-thumbnail size-thumbnail wp-post-image\" alt=\"\" loading=\"lazy\" srcset=\"https:\/\/www.meleyacht.it\/wp-content\/uploads\/2026\/03\/WhatsApp-Image-2026-03-10-at-11.35.32-150x150.jpeg 150w, https:\/\/www.meleyacht.it\/wp-content\/uploads\/2026\/03\/WhatsApp-Image-2026-03-10-at-11.35.32-300x300.jpeg 300w, https:\/\/www.meleyacht.it\/wp-content\/uploads\/2026\/03\/WhatsApp-Image-2026-03-10-at-11.35.32-100x100.jpeg 100w\" sizes=\"(max-width: 150px) 100vw, 150px\" \/><h3 class=\"caption\"><a href=\"https:\/\/www.meleyacht.it\/?p=3732\">COLUMBUS ATLANTIQUE 38M LAUNCH CEREMONY &#8211; M\/Y PRINCIPESSA CAPRICCIOSA<\/a><\/h3><\/div>\n\t\t\t\t\n\t\t\t\t<div class=\"in-post-content\">Savona, March 10 2026 &#8211; Columbus Yachts announces the launch of the Atlantique 38-metre M\/Y Principessa Capricciosa. The latest addition is the most compact model ...<\/div>\n\t\t\t\t\t\t\t<\/div>\n\n\t\t<\/div>\n\t\t\t\t<div class=\"item list-item post-3386\">\n\n\t\t\t<div class=\"post-content\">\n\n\t\t\t\t<div class=\"image\"><img width=\"150\" height=\"150\" src=\"https:\/\/www.meleyacht.it\/wp-content\/uploads\/2025\/08\/IMG-20250828-WA0010-150x150.jpg\" class=\"attachment-thumbnail size-thumbnail wp-post-image\" alt=\"\" loading=\"lazy\" srcset=\"https:\/\/www.meleyacht.it\/wp-content\/uploads\/2025\/08\/IMG-20250828-WA0010-150x150.jpg 150w, https:\/\/www.meleyacht.it\/wp-content\/uploads\/2025\/08\/IMG-20250828-WA0010-300x300.jpg 300w, https:\/\/www.meleyacht.it\/wp-content\/uploads\/2025\/08\/IMG-20250828-WA0010-100x100.jpg 100w\" sizes=\"(max-width: 150px) 100vw, 150px\" \/><h3 class=\"caption\"><a href=\"https:\/\/www.meleyacht.it\/?p=3386\">Cannes Yachting Festival<\/a><\/h3><\/div>\n\t\t\t\t\n\t\t\t\t<div class=\"in-post-content\">Siamo lieti di annunciare la nostra partecipazione, come di consuetudine, al Cannes Yachting Festival, che si terr\u00e0 dal 9 al 14 settembre 2025. Questo prestigioso ...<\/div>\n\t\t\t\t\t\t\t<\/div>\n\n\t\t<\/div>\n\t\t\t\t<div class=\"item list-item post-3243\">\n\n\t\t\t<div class=\"post-content\">\n\n\t\t\t\t<div class=\"image\"><img width=\"150\" height=\"150\" src=\"https:\/\/www.meleyacht.it\/wp-content\/uploads\/2025\/01\/Assia-e-Salvatore-Mele_-Mele-Yacht-1024x768-1-150x150.jpg\" class=\"attachment-thumbnail size-thumbnail wp-post-image\" alt=\"\" loading=\"lazy\" srcset=\"https:\/\/www.meleyacht.it\/wp-content\/uploads\/2025\/01\/Assia-e-Salvatore-Mele_-Mele-Yacht-1024x768-1-150x150.jpg 150w, https:\/\/www.meleyacht.it\/wp-content\/uploads\/2025\/01\/Assia-e-Salvatore-Mele_-Mele-Yacht-1024x768-1-300x300.jpg 300w, https:\/\/www.meleyacht.it\/wp-content\/uploads\/2025\/01\/Assia-e-Salvatore-Mele_-Mele-Yacht-1024x768-1-100x100.jpg 100w\" sizes=\"(max-width: 150px) 100vw, 150px\" \/><h3 class=\"caption\"><a href=\"https:\/\/www.meleyacht.it\/?p=3243\">Assia e Salvatore, le due met\u00e0 della Mele<\/a><\/h3><\/div>\n\t\t\t\t\n\t\t\t\t<div class=\"in-post-content\">Timonano con orgoglio Mele Yacht, societ\u00e0 partenopea a conduzione familiare nata dal desiderio di&nbsp;Antimo Mele, pioniere nella vendita di imbarcazioni di alta qualit\u00e0, di trasmettere ...<\/div>\n\t\t\t\t\t\t\t<\/div>\n\n\t\t<\/div>\n\t\t\t\t<div class=\"item list-item post-3237\">\n\n\t\t\t<div class=\"post-content\">\n\n\t\t\t\t<div class=\"image\"><img width=\"150\" height=\"150\" src=\"https:\/\/www.meleyacht.it\/wp-content\/uploads\/2025\/01\/Cattura-150x150.jpg\" class=\"attachment-thumbnail size-thumbnail wp-post-image\" alt=\"\" loading=\"lazy\" srcset=\"https:\/\/www.meleyacht.it\/wp-content\/uploads\/2025\/01\/Cattura-150x150.jpg 150w, https:\/\/www.meleyacht.it\/wp-content\/uploads\/2025\/01\/Cattura-300x300.jpg 300w, https:\/\/www.meleyacht.it\/wp-content\/uploads\/2025\/01\/Cattura-100x100.jpg 100w\" sizes=\"(max-width: 150px) 100vw, 150px\" \/><h3 class=\"caption\"><a href=\"https:\/\/www.meleyacht.it\/?p=3237\">Cannes Yachting Festival 2024<\/a><\/h3><\/div>\n\t\t\t\t\n\t\t\t\t<div class=\"in-post-content\">9-14 Settembre 2024 Mele Yacht sar\u00e0 lieta di incontrare i propri clienti al Cannes Yachting Festival 2024 per celebrare i 47 anni del pi\u00f9 grande ...<\/div>\n\t\t\t\t\t\t\t<\/div>\n\n\t\t<\/div>\n\t\t\t\t<div class=\"item list-item post-3230\">\n\n\t\t\t<div class=\"post-content\">\n\n\t\t\t\t<div class=\"image\"><img width=\"150\" height=\"150\" src=\"https:\/\/www.meleyacht.it\/wp-content\/uploads\/2025\/01\/cannes-yachting-festival-2023-150x150.jpg\" class=\"attachment-thumbnail size-thumbnail wp-post-image\" alt=\"\" loading=\"lazy\" srcset=\"https:\/\/www.meleyacht.it\/wp-content\/uploads\/2025\/01\/cannes-yachting-festival-2023-150x150.jpg 150w, https:\/\/www.meleyacht.it\/wp-content\/uploads\/2025\/01\/cannes-yachting-festival-2023-300x300.jpg 300w, https:\/\/www.meleyacht.it\/wp-content\/uploads\/2025\/01\/cannes-yachting-festival-2023-100x100.jpg 100w\" sizes=\"(max-width: 150px) 100vw, 150px\" \/><h3 class=\"caption\"><a href=\"https:\/\/www.meleyacht.it\/?p=3230\">Cannes Yachting Festival 2023<\/a><\/h3><\/div>\n\t\t\t\t\n\t\t\t\t<div class=\"in-post-content\">12-17 Settembre 2023 Mele Yacht sar\u00e0 lieta di incontrare i propri clienti al Cannes Yachting Festival 2023 per celebrare i 46 anni del pi\u00f9 grande ...<\/div>\n\t\t\t\t\t\t\t<\/div>\n\n\t\t<\/div>\n\t\t<\/div><\/div><div class=\"kc-elm kc-css-88960\" style=\"height: 20px; clear: both; width:100%;\"><\/div><\/div><\/div><\/div><\/div><\/section><\/p>\n","protected":false},"excerpt":{"rendered":"","protected":false},"featured_media":3257,"template":"","meta":[],"product_cat":[146,94,28,108],"product_tag":[],"_links":{"self":[{"href":"https:\/\/www.meleyacht.it\/index.php?rest_route=\/wp\/v2\/product\/3256"}],"collection":[{"href":"https:\/\/www.meleyacht.it\/index.php?rest_route=\/wp\/v2\/product"}],"about":[{"href":"https:\/\/www.meleyacht.it\/index.php?rest_route=\/wp\/v2\/types\/product"}],"wp:featuredmedia":[{"embeddable":true,"href":"https:\/\/www.meleyacht.it\/index.php?rest_route=\/wp\/v2\/media\/3257"}],"wp:attachment":[{"href":"https:\/\/www.meleyacht.it\/index.php?rest_route=%2Fwp%2Fv2%2Fmedia&parent=3256"}],"wp:term":[{"taxonomy":"product_cat","embeddable":true,"href":"https:\/\/www.meleyacht.it\/index.php?rest_route=%2Fwp%2Fv2%2Fproduct_cat&post=3256"},{"taxonomy":"product_tag","embeddable":true,"href":"https:\/\/www.meleyacht.it\/index.php?rest_route=%2Fwp%2Fv2%2Fproduct_tag&post=3256"}],"curies":[{"name":"wp","href":"https:\/\/api.w.org\/{rel}","templated":true}]}}