{"id":273,"date":"2021-12-21T14:53:11","date_gmt":"2021-12-21T13:53:11","guid":{"rendered":"https:\/\/www.meleyacht.it\/?post_type=product&#038;p=273"},"modified":"2023-05-03T14:56:02","modified_gmt":"2023-05-03T12:56:02","slug":"otam-80-ht","status":"publish","type":"product","link":"https:\/\/www.meleyacht.it\/?product=otam-80-ht","title":{"rendered":"OTAM 80 HT"},"content":{"rendered":"<p><section class=\"kc-elm kc-css-767995 kc_row\"><div class=\"kc-row-container  kc-container\"><div class=\"kc-wrap-columns\"><div class=\"kc-elm kc-css-545550 kc_col-sm-6 kc_column kc_col-sm-6\"><div class=\"kc-col-container\"><div class=\"kc-elm kc-css-666166 kc_row kc_row_inner\"><div class=\"kc-elm kc-css-106587 kc_col-sm-6 kc_column_inner kc_col-sm-6\"><div class=\"kc_wrapper kc-col-inner-container\"><div class=\"kc-elm kc-css-903260 kc_text_block\"><\/p>\n<p><strong>Cantiere:<\/strong><\/p>\n<p>\n<\/div><\/div><\/div><div class=\"kc-elm kc-css-234005 kc_col-sm-6 kc_column_inner kc_col-sm-6\"><div class=\"kc_wrapper kc-col-inner-container\"><div class=\"kc-elm kc-css-190227 kc_text_block\"><\/p>\n<p>OTAM<\/p>\n<p>\n<\/div><\/div><\/div><\/div><div class=\"kc-elm kc-css-313481 kc_row kc_row_inner\"><div class=\"kc-elm kc-css-919788 kc_col-sm-6 kc_column_inner kc_col-sm-6\"><div class=\"kc_wrapper kc-col-inner-container\"><div class=\"kc-elm kc-css-679099 kc_text_block\"><\/p>\n<p><strong>Modello:<\/strong><\/p>\n<p>\n<\/div><\/div><\/div><div class=\"kc-elm kc-css-393261 kc_col-sm-6 kc_column_inner kc_col-sm-6\"><div class=\"kc_wrapper kc-col-inner-container\"><div class=\"kc-elm kc-css-564807 kc_text_block\"><\/p>\n<p>80 HT<\/p>\n<p>\n<\/div><\/div><\/div><\/div><div class=\"kc-elm kc-css-60902 kc_row kc_row_inner\"><div class=\"kc-elm kc-css-796420 kc_col-sm-6 kc_column_inner kc_col-sm-6\"><div class=\"kc_wrapper kc-col-inner-container\"><div class=\"kc-elm kc-css-567614 kc_text_block\"><\/p>\n<p><strong>Tipo Barca:<\/strong><\/p>\n<p>\n<\/div><\/div><\/div><div class=\"kc-elm kc-css-80241 kc_col-sm-6 kc_column_inner kc_col-sm-6\"><div class=\"kc_wrapper kc-col-inner-container\"><div class=\"kc-elm kc-css-619829 kc_text_block\"><\/p>\n<p>HARD TOP<\/p>\n<p>\n<\/div><\/div><\/div><\/div><div class=\"kc-elm kc-css-354486 kc_row kc_row_inner\"><div class=\"kc-elm kc-css-506827 kc_col-sm-6 kc_column_inner kc_col-sm-6\"><div class=\"kc_wrapper kc-col-inner-container\"><div class=\"kc-elm kc-css-404816 kc_text_block\"><\/p>\n<p><strong>Anno:<\/strong><\/p>\n<p>\n<\/div><\/div><\/div><div class=\"kc-elm kc-css-586061 kc_col-sm-6 kc_column_inner kc_col-sm-6\"><div class=\"kc_wrapper kc-col-inner-container\"><div class=\"kc-elm kc-css-926803 kc_text_block\"><\/p>\n<p>in COSTRUZIONE<\/p>\n<p>\n<\/div><\/div><\/div><\/div><\/div><\/div><div class=\"kc-elm kc-css-94383 kc_col-sm-6 kc_column kc_col-sm-6\"><div class=\"kc-col-container\"><div class=\"kc-elm kc-css-552701 kc_row kc_row_inner\"><div class=\"kc-elm kc-css-930170 kc_col-sm-6 kc_column_inner kc_col-sm-6\"><div class=\"kc_wrapper kc-col-inner-container\"><div class=\"kc-elm kc-css-483430 kc_text_block\"><\/p>\n<p><strong>Lunghezza:<\/strong><\/p>\n<p>\n<\/div><\/div><\/div><div class=\"kc-elm kc-css-597721 kc_col-sm-6 kc_column_inner kc_col-sm-6\"><div class=\"kc_wrapper kc-col-inner-container\"><div class=\"kc-elm kc-css-952316 kc_text_block\"><\/p>\n<p>23,95 mt<\/p>\n<p>\n<\/div><\/div><\/div><\/div><div class=\"kc-elm kc-css-206058 kc_row kc_row_inner\"><div class=\"kc-elm kc-css-859214 kc_col-sm-6 kc_column_inner kc_col-sm-6\"><div class=\"kc_wrapper kc-col-inner-container\"><div class=\"kc-elm kc-css-90828 kc_text_block\"><\/p>\n<p><strong>Larghezza Costruzione:<\/strong><\/p>\n<p>\n<\/div><\/div><\/div><div class=\"kc-elm kc-css-523283 kc_col-sm-6 kc_column_inner kc_col-sm-6\"><div class=\"kc_wrapper kc-col-inner-container\"><div class=\"kc-elm kc-css-63146 kc_text_block\"><\/p>\n<p>25,50 mt<\/p>\n<p>\n<\/div><\/div><\/div><\/div><div class=\"kc-elm kc-css-883992 kc_row kc_row_inner\"><div class=\"kc-elm kc-css-555911 kc_col-sm-6 kc_column_inner kc_col-sm-6\"><div class=\"kc_wrapper kc-col-inner-container\"><div class=\"kc-elm kc-css-547021 kc_text_block\"><\/p>\n<p><strong>Larghezza :<\/strong><\/p>\n<p>\n<\/div><\/div><\/div><div class=\"kc-elm kc-css-805494 kc_col-sm-6 kc_column_inner kc_col-sm-6\"><div class=\"kc_wrapper kc-col-inner-container\"><div class=\"kc-elm kc-css-608737 kc_text_block\"><\/p>\n<p>6,05 mt<\/p>\n<p>\n<\/div><\/div><\/div><\/div><div class=\"kc-elm kc-css-409595 kc_row kc_row_inner\"><div class=\"kc-elm kc-css-705711 kc_col-sm-6 kc_column_inner kc_col-sm-6\"><div class=\"kc_wrapper kc-col-inner-container\"><div class=\"kc-elm kc-css-482767 kc_text_block\"><\/p>\n<p><strong>Cabine:<\/strong><\/p>\n<p>\n<\/div><\/div><\/div><div class=\"kc-elm kc-css-781606 kc_col-sm-6 kc_column_inner kc_col-sm-6\"><div class=\"kc_wrapper kc-col-inner-container\"><div class=\"kc-elm kc-css-914324 kc_text_block\"><\/p>\n<p>3\/4<\/p>\n<p>\n<\/div><\/div><\/div><\/div><div class=\"kc-elm kc-css-386920 kc_row kc_row_inner\"><div class=\"kc-elm kc-css-756125 kc_col-sm-6 kc_column_inner kc_col-sm-6\"><div class=\"kc_wrapper kc-col-inner-container\"><div class=\"kc-elm kc-css-772528 kc_text_block\"><\/p>\n<p><strong>Prezzo:<\/strong><\/p>\n<p>\n<\/div><\/div><\/div><div class=\"kc-elm kc-css-969269 kc_col-sm-6 kc_column_inner kc_col-sm-6\"><div class=\"kc_wrapper kc-col-inner-container\"><div class=\"kc-elm kc-css-22240 kc_text_block\"><\/p>\n<p>su richiesta<\/p>\n<p>\n<\/div><\/div><\/div><\/div><\/div><\/div><\/div><\/div><\/section><section class=\"kc-elm kc-css-28633 kc_row\"><div class=\"kc-row-container  kc-container\"><div class=\"kc-wrap-columns\"><div class=\"kc-elm kc-css-481327 kc_col-sm-6 kc_column kc_col-sm-6\"><div class=\"kc-col-container\"><\/div><\/div><div class=\"kc-elm kc-css-27645 kc_col-sm-6 kc_column kc_col-sm-6\"><div class=\"kc-col-container\">\n<div class=\"kc-elm kc-css-224077 kc-pro-button kc-button-3\">\n\t<a href=\"https:\/\/www.meleyacht.it\/?page_id=174\">\n\t\t<span class=\"creative_title\">RICHIEDI INFORMAZIONI<\/span>\t<\/a>\n<\/div>\n<\/div><\/div><\/div><\/div><\/section><section class=\"kc-elm kc-css-742790 kc_row\"><div class=\"kc-row-container  kc-container\"><div class=\"kc-wrap-columns\"><div class=\"kc-elm kc-css-954108 kc_col-sm-12 kc_column kc_col-sm-12\"><div class=\"kc-col-container\"><div class=\"kc-elm kc-css-858714 kc_text_block\"><\/p>\n<p>OTAM offre ai propri clienti la possibilit\u00e0 di avere uno yacht &#8220;total custom\".<br \/>Il cliente ha il diritto di decidere qualsiasi dettaglio della barca, a partire dal layout interno, al colore dei tessuti, alla scelta di finiture e accessori, con una vasta selezione di materiali, colori e trattamenti.<br \/>Il cantiere, per meglio soddisfare le esigenze del cliente, crea un vero e proprio progetto &#8220;su misura\" producendo uno yacht &#8220;Tailor Made\"che esprime la personalit\u00e0 e il gusto del cliente.<br \/>Gli interni sono progettati per soddisfare i desideri dei clienti, evidenziando l&#039;estrema dettaglio e la cura messi nella loro creazione.<\/p>\n<p>OTAM 80 HT<\/p>\n<p>La barca simbolo del DNA OTAM<\/p>\n<p>La perfetta sinergia fra ingegneria meccanica, architettura navale e dna sportivo fanno dell\u2019Otam 80 la nostra Barca simbolo senza dubbio alcuno.<br \/>Disegnata per garantire velocit\u00e0 superiori alla media anche con mare formato ma sempre in totale sicurezza, confort e lusso.<br \/>Impressionanti sono i volumi che il Cliente pu\u00f2 gestire in totale autonomia a seconda delle sue esigenze, gusto e stile personale.<br \/>Infinite sono le possibilit\u00e0 di layout e customizzazione coerenti con la visione aziendale di costruire Unit\u00e0 sempre differenti fra loro, esclusive perch\u00e9 uniche e mai uguali alle altre. Generosissimo il volume dedicato alla sala macchine, \u201ccuore di ogni Unit\u00e0 Otam\u201d.<br \/>Il giusto spazio considerando la grandezza dei motori, accesso immediato ad ogni equipaggiamento in sala macchine e ci\u00f2 su cui Otam non accetta compromessi al fine di assicurare sempre una qualit\u00e0 e prestazioni oltre la media insieme ad un\u2019affidabilit\u00e0 di prodotto che supera le aspettative dei Clienti.<br \/>L\u2019angolo di carena si traduce in un comportamento fluido e morbido in navigazione ad una velocit\u00e0 di crociera di 40 nodi in totale sicurezza, sempre.<br \/>L\u2019Otam 80 ha una velocit\u00e0 massima compresa fra i 40, 48+ ed i 53 nodi a seconda della configurazione motori offerta dal cantiere.<br \/>Non comprare un semplice prodotto ma traduci la tua visione in realt\u00e0 e costruiscilo nel modo in cui pi\u00f9 ti rappresenta, con Otam \u00e8 possibile.<\/p>\n<p>Motorizzazione:<\/p>\n<p>Engine sol.<br \/>2x Cat 1925 Cat C32 Acert Propulsion Arneson ASD 15 L 34 kn<br \/>Top speed 40 kn Cruising speed<br \/>Engine sol.2<br \/>2x MTU 2600 hp Propulsion Arneson ASD 14<br \/>48 kn Top speed 44 kn Cruising speed<\/p>\n<p>\n<\/div><div class=\"kc-elm kc-css-792829 kc_row kc_row_inner\"><div class=\"kc-elm kc-css-492261 kc_col-sm-4 kc_column_inner kc_col-sm-4\"><div class=\"kc_wrapper kc-col-inner-container\"><\/div><\/div><div class=\"kc-elm kc-css-241875 kc_col-sm-4 kc_column_inner kc_col-sm-4\"><div class=\"kc_wrapper kc-col-inner-container\"><div class=\"kc-elm kc-css-518583 kc-raw-code\">\t<\/div><div class=\"kc-elm kc-css-944628\" style=\"height: 20px; clear: both; width:100%;\"><\/div><\/div><\/div><div class=\"kc-elm kc-css-324194 kc_col-sm-4 kc_column_inner kc_col-sm-4\"><div class=\"kc_wrapper kc-col-inner-container\"><div class=\"kc-elm kc-css-896620 kc-raw-code\"><class name=\"formpdf\" ><form method=\"POST\" action=\"CreaPdf.php\" target=\"_blank\"><input type=\"hidden\" value=\"creapdf\" name=\"pdf\"><input type=\"hidden\" value=\"273\" name=\"idProdotto\"><input type=\"submit\" value=\"SCHEDA PDF\"><\/form><\/class>\t<\/div><div class=\"kc-elm kc-css-435737\" style=\"height: 20px; clear: both; width:100%;\"><\/div><\/div><\/div><\/div><\/div><\/div><\/div><\/div><\/section><section class=\"kc-elm kc-css-450040 kc_row\"><div class=\"kc-row-container  kc-container\"><div class=\"kc-wrap-columns\"><div class=\"kc-elm kc-css-536821 kc_col-of-5 kc_column kc_col-of-5\"><div class=\"kc-col-container\"><\/div><\/div><div class=\"kc-elm kc-css-999312 kc_col-of-5 kc_column kc_col-of-5\"><div class=\"kc-col-container\"><\/div><\/div><div class=\"kc-elm kc-css-212645 kc_col-of-5 kc_column kc_col-of-5\"><div class=\"kc-col-container\"><\/div><\/div><div class=\"kc-elm kc-css-786373 kc_col-of-5 kc_column kc_col-of-5\"><div class=\"kc-col-container\"><\/div><\/div><div class=\"kc-elm kc-css-624634 kc_col-of-5 kc_column kc_col-of-5\"><div class=\"kc-col-container\"><div class=\"widget widget_search kc-elm kc-css-665079\"><h2 class=\"widgettitle\">Cerca<\/h2><form role=\"search\" method=\"get\" class=\"search-form\" action=\"https:\/\/www.meleyacht.it\/\">\n\t\t\t\t<label>\n\t\t\t\t\t<span class=\"screen-reader-text\">Ricerca per:<\/span>\n\t\t\t\t\t<input type=\"search\" class=\"search-field\" placeholder=\"Cerca &hellip;\" value=\"\" name=\"s\" \/>\n\t\t\t\t<\/label>\n\t\t\t\t<input type=\"submit\" class=\"search-submit\" value=\"Cerca\" \/>\n\t\t\t<\/form><\/div><div class=\"kc-elm kc-css-885488\" style=\"height: 10px; clear: both; width:100%;\"><\/div><div class=\"kc-elm kc-css-404971 kc_text_block\"><\/p>\n<p>\nNews &#038; Eventi<\/p>\n<p>\n<\/div><div class=\"kc-carousel-post kc-elm kc-css-475841\"><div class=\"kc-owl-post-carousel owl-carousel list-post category \" data-owl-options='{\"items\":\"1\",\"mobile\":\"1\",\"tablet\":\"1\",\"speed\":500,\"navigation\":\"\",\"pagination\":\"yes\",\"autoheight\":\"\",\"autoplay\":\"yes\"}'>\t\t<div class=\"item list-item post-65\">\n\n\t\t\t<div class=\"post-content\">\n\n\t\t\t\t<div class=\"image\"><img width=\"150\" height=\"150\" src=\"https:\/\/www.meleyacht.it\/wp-content\/uploads\/2021\/12\/Boot-Dusseldorf-2020-150x150.jpg\" class=\"attachment-thumbnail size-thumbnail wp-post-image\" alt=\"\" loading=\"lazy\" srcset=\"https:\/\/www.meleyacht.it\/wp-content\/uploads\/2021\/12\/Boot-Dusseldorf-2020-150x150.jpg 150w, https:\/\/www.meleyacht.it\/wp-content\/uploads\/2021\/12\/Boot-Dusseldorf-2020-300x300.jpg 300w, https:\/\/www.meleyacht.it\/wp-content\/uploads\/2021\/12\/Boot-Dusseldorf-2020-100x100.jpg 100w\" sizes=\"(max-width: 150px) 100vw, 150px\" \/><h3 class=\"caption\"><a href=\"https:\/\/www.meleyacht.it\/?p=65\">Boot D\u00fcsseldorf 2020<\/a><\/h3><\/div>\n\t\t\t\t\n\t\t\t\t<div class=\"in-post-content\">Dal 18 al 26 gennaio 2020 Mele Yacht parteciper\u00e0 al Boot D\u00fcsseldorf per incontrare i propri clienti.<\/div>\n\t\t\t\t\t\t\t<\/div>\n\n\t\t<\/div>\n\t\t\t\t<div class=\"item list-item post-68\">\n\n\t\t\t<div class=\"post-content\">\n\n\t\t\t\t<div class=\"image\"><img width=\"150\" height=\"150\" src=\"https:\/\/www.meleyacht.it\/wp-content\/uploads\/2021\/12\/pasqua2020-150x150.jpg\" class=\"attachment-thumbnail size-thumbnail wp-post-image\" alt=\"\" loading=\"lazy\" srcset=\"https:\/\/www.meleyacht.it\/wp-content\/uploads\/2021\/12\/pasqua2020-150x150.jpg 150w, https:\/\/www.meleyacht.it\/wp-content\/uploads\/2021\/12\/pasqua2020-300x300.jpg 300w, https:\/\/www.meleyacht.it\/wp-content\/uploads\/2021\/12\/pasqua2020-100x100.jpg 100w\" sizes=\"(max-width: 150px) 100vw, 150px\" \/><h3 class=\"caption\"><a href=\"https:\/\/www.meleyacht.it\/?p=68\">Buona Pasqua 2020<\/a><\/h3><\/div>\n\t\t\t\t\n\t\t\t\t<div class=\"in-post-content\">Caro Amico, speriamo che questa Pasqua trovi te e la tua famiglia al sicuro ed in ottima salute. Probabilmente in Italia, come nel resto del ...<\/div>\n\t\t\t\t\t\t\t<\/div>\n\n\t\t<\/div>\n\t\t\t\t<div class=\"item list-item post-74\">\n\n\t\t\t<div class=\"post-content\">\n\n\t\t\t\t<div class=\"image\"><img width=\"150\" height=\"150\" src=\"https:\/\/www.meleyacht.it\/wp-content\/uploads\/2021\/12\/otam-mele-150x150.jpg\" class=\"attachment-thumbnail size-thumbnail wp-post-image\" alt=\"\" loading=\"lazy\" srcset=\"https:\/\/www.meleyacht.it\/wp-content\/uploads\/2021\/12\/otam-mele-150x150.jpg 150w, https:\/\/www.meleyacht.it\/wp-content\/uploads\/2021\/12\/otam-mele-300x300.jpg 300w, https:\/\/www.meleyacht.it\/wp-content\/uploads\/2021\/12\/otam-mele-100x100.jpg 100w\" sizes=\"(max-width: 150px) 100vw, 150px\" \/><h3 class=\"caption\"><a href=\"https:\/\/www.meleyacht.it\/?p=74\">Otam Experience 23-24 Ottobre Circolo Nautico Posillipo<\/a><\/h3><\/div>\n\t\t\t\t\n\t\t\t\t<div class=\"in-post-content\">Mele Yacht offre ai propri armatori per la prima volta in Sud Italia un Esperienza unica firmata OTAM. Durante questi giorni potrai ammirare diversi modelli ...<\/div>\n\t\t\t\t\t\t\t<\/div>\n\n\t\t<\/div>\n\t\t\t\t<div class=\"item list-item post-1209\">\n\n\t\t\t<div class=\"post-content\">\n\n\t\t\t\t<div class=\"image\"><img width=\"150\" height=\"150\" src=\"https:\/\/www.meleyacht.it\/wp-content\/uploads\/2019\/10\/FLIBS2019-150x150.jpg\" class=\"attachment-thumbnail size-thumbnail wp-post-image\" alt=\"\" loading=\"lazy\" srcset=\"https:\/\/www.meleyacht.it\/wp-content\/uploads\/2019\/10\/FLIBS2019-150x150.jpg 150w, https:\/\/www.meleyacht.it\/wp-content\/uploads\/2019\/10\/FLIBS2019-300x300.jpg 300w, https:\/\/www.meleyacht.it\/wp-content\/uploads\/2019\/10\/FLIBS2019-100x100.jpg 100w\" sizes=\"(max-width: 150px) 100vw, 150px\" \/><h3 class=\"caption\"><a href=\"https:\/\/www.meleyacht.it\/?p=1209\">FORT LAUDERDALE INTERNATIONAL BOAT SHOW October 30 &#8211; November 3, 2019<\/a><\/h3><\/div>\n\t\t\t\t\n\t\t\t\t<div class=\"in-post-content\">&nbsp; Mele Yacht \u00e8 lieta di incontrare i propri clienti alla 60\u00b0 edizione del Ft. Lauderdale International Boat Show<\/div>\n\t\t\t\t\t\t\t<\/div>\n\n\t\t<\/div>\n\t\t\t\t<div class=\"item list-item post-1210\">\n\n\t\t\t<div class=\"post-content\">\n\n\t\t\t\t<div class=\"image\"><img width=\"150\" height=\"150\" src=\"https:\/\/www.meleyacht.it\/wp-content\/uploads\/2019\/09\/Cannes-Yachting-Festival-2019-01-960x500-1-150x150.jpg\" class=\"attachment-thumbnail size-thumbnail wp-post-image\" alt=\"\" loading=\"lazy\" srcset=\"https:\/\/www.meleyacht.it\/wp-content\/uploads\/2019\/09\/Cannes-Yachting-Festival-2019-01-960x500-1-150x150.jpg 150w, https:\/\/www.meleyacht.it\/wp-content\/uploads\/2019\/09\/Cannes-Yachting-Festival-2019-01-960x500-1-300x300.jpg 300w, https:\/\/www.meleyacht.it\/wp-content\/uploads\/2019\/09\/Cannes-Yachting-Festival-2019-01-960x500-1-100x100.jpg 100w\" sizes=\"(max-width: 150px) 100vw, 150px\" \/><h3 class=\"caption\"><a href=\"https:\/\/www.meleyacht.it\/?p=1210\">Cannes Yachting Festival 10 &#8211; 15 Settembre 2019<\/a><\/h3><\/div>\n\t\t\t\t\n\t\t\t\t<div class=\"in-post-content\">&nbsp; Mele Yacht sar\u00e0 lieta di incontrare i propri clienti alla 42\u00b0 edizione del Cannes Yachting Festival<\/div>\n\t\t\t\t\t\t\t<\/div>\n\n\t\t<\/div>\n\t\t<\/div><\/div><div class=\"kc-elm kc-css-58203\" style=\"height: 20px; clear: both; width:100%;\"><\/div><\/div><\/div><\/div><\/div><\/section><\/p>\n","protected":false},"excerpt":{"rendered":"","protected":false},"featured_media":274,"template":"","meta":[],"product_cat":[149,36,106,28,31,107,35,19],"product_tag":[],"_links":{"self":[{"href":"https:\/\/www.meleyacht.it\/index.php?rest_route=\/wp\/v2\/product\/273"}],"collection":[{"href":"https:\/\/www.meleyacht.it\/index.php?rest_route=\/wp\/v2\/product"}],"about":[{"href":"https:\/\/www.meleyacht.it\/index.php?rest_route=\/wp\/v2\/types\/product"}],"wp:featuredmedia":[{"embeddable":true,"href":"https:\/\/www.meleyacht.it\/index.php?rest_route=\/wp\/v2\/media\/274"}],"wp:attachment":[{"href":"https:\/\/www.meleyacht.it\/index.php?rest_route=%2Fwp%2Fv2%2Fmedia&parent=273"}],"wp:term":[{"taxonomy":"product_cat","embeddable":true,"href":"https:\/\/www.meleyacht.it\/index.php?rest_route=%2Fwp%2Fv2%2Fproduct_cat&post=273"},{"taxonomy":"product_tag","embeddable":true,"href":"https:\/\/www.meleyacht.it\/index.php?rest_route=%2Fwp%2Fv2%2Fproduct_tag&post=273"}],"curies":[{"name":"wp","href":"https:\/\/api.w.org\/{rel}","templated":true}]}}