{"id":99,"date":"2021-12-15T11:24:35","date_gmt":"2021-12-15T10:24:35","guid":{"rendered":"https:\/\/www.meleyacht.it\/?page_id=99"},"modified":"2022-03-29T17:28:00","modified_gmt":"2022-03-29T15:28:00","slug":"azienda","status":"publish","type":"page","link":"https:\/\/www.meleyacht.it\/?page_id=99","title":{"rendered":"Azienda"},"content":{"rendered":"<p><section data-kc-fullwidth=\"row\" class=\"kc-elm kc-css-662791 kc_row\"><div class=\"kc-row-container  kc-container\"><div class=\"kc-wrap-columns\"><div class=\"kc-elm kc-css-487779 kc_col-sm-12 kc_column kc_col-sm-12\"><div class=\"kc-col-container\">\n<div class=\"kc-elm kc-css-531183 kc-title-wrap \">\n\n\t<h2 class=\"kc_title\">ABOUT US<\/h2>\n<\/div>\n<\/div><\/div><\/div><\/div><\/section><section class=\"kc-elm kc-css-792892 kc_row\"><div class=\"kc-row-container  kc-container\"><div class=\"kc-wrap-columns\"><div class=\"kc-elm kc-css-829936 kc_col-sm-9 kc_column kc_col-sm-9\"><div class=\"kc-col-container\"><div class=\"kc-elm kc-css-826876\" style=\"height: 10px; clear: both; width:100%;\"><\/div><div class=\"kc-elm kc-css-677176 kc_text_block\"><\/p>\n<p><span class=\"Stile18\"><span class=\"Stile25\">La Mele Yacht \u00e8 un&#8217;azienda a conduzione familiare che nasce dalla voglia di Antimo, che ha vantato un\u2019esperienza di oltre 40 anni in tutto il settore nautico, di trasmettere <\/span><\/span><span class=\"Stile25\">ai propri figli la forte passione per il mare e per le barche.<\/span><\/p>\n<p>L\u2019obiettivo principale dell\u2019azienda \u00e8 da sempre soddisfare qualsiasi richiesta venga fatta dal cliente, ma innanzitutto seguirlo in tutte le fasi dell\u2019acquisto e post acquisto affinch\u00e8 il suo desiderio divenga realt\u00e0.<\/p>\n<p>Mele Yacht \u00e8 una realt\u00e0 ben consolidata da tempo nel settore nautico e le manifestazioni di consenso dei nostri clienti ne sono la prova vincente.<\/p>\n<p>\n<\/div><div class=\"kc-elm kc-css-924837\" style=\"height: 10px; clear: both; width:100%;\"><\/div><\/div><\/div><div class=\"kc-elm kc-css-570360 kc_col-sm-3 kc_column kc_col-sm-3\"><div class=\"kc-col-container\"><div class=\"kc-elm kc-css-815726\" style=\"height: 10px; clear: both; width:100%;\"><\/div><div class=\"kc-elm kc-css-828346 kc-animated kc-animate-eff-fadeInLeft kc_shortcode kc_single_image\">\n\n        <img src=\"https:\/\/www.meleyacht.it\/wp-content\/uploads\/2022\/03\/meleyacht_presentazione.jpg\" class=\"\" alt=\"\" \/>    <\/div>\n<div class=\"kc-elm kc-css-361809\" style=\"height: 10px; clear: both; width:100%;\"><\/div><\/div><\/div><\/div><\/div><\/section><section data-kc-fullwidth=\"row\" class=\"kc-elm kc-css-400022 kc_row\"><div class=\"kc-row-container  kc-container\"><div class=\"kc-wrap-columns\"><div class=\"kc-elm kc-css-957127 kc_col-sm-12 kc_column kc_col-sm-12\"><div class=\"kc-col-container\"><div class=\"kc-elm kc-css-19622\" style=\"height: 20px; clear: both; width:100%;\"><\/div><div class=\"kc-elm kc-css-300089 kc-animated kc-animate-eff-fadeInUp kc_text_block\"><\/p>\n<p>La <strong>Mele Yacht<\/strong> \u00e8 un&#039;<strong>azienda leader<\/strong> nella vendita di <strong>yacht nuovi, vendita yacht usati e noleggio barche<\/strong> di ogni tipo (Barche di lusso, yachts, mega yacht, yacht extra lusso).<\/p>\n<p>\n<\/div>\n<div class=\"kc-elm kc-css-958617\">\n\t<a class=\"kc_button\" href=\"https:\/\/www.meleyacht.it\/?page_id=174\" target=\"_self\" title=\"\" onclick=\"\">\n\t\tCONTATTACI ORA\t<\/a>\n<\/div>\n<div class=\"kc-elm kc-css-792510 kc_row kc_row_inner\"><div class=\"kc-elm kc-css-649082 kc_col-sm-6 kc_column_inner kc_col-sm-6\"><div class=\"kc_wrapper kc-col-inner-container\"><div class=\"kc-elm kc-css-304372 kc-animated kc-animate-eff-fadeInUp kc_shortcode kc_single_image\">\n\n        <img src=\"https:\/\/www.meleyacht.it\/wp-content\/uploads\/2021\/12\/azienda1.jpg\" class=\"\" alt=\"\" \/>    <\/div>\n<\/div><\/div><div class=\"kc-elm kc-css-643471 kc_col-sm-6 kc_column_inner kc_col-sm-6\"><div class=\"kc_wrapper kc-col-inner-container\"><div class=\"kc-elm kc-css-26551 kc-animated kc-animate-eff-fadeInUp kc_shortcode kc_single_image\">\n\n        <img src=\"https:\/\/www.meleyacht.it\/wp-content\/uploads\/2021\/12\/azienda2.jpg\" class=\"\" alt=\"\" \/>    <\/div>\n<\/div><\/div><\/div><\/div><\/div><\/div><\/div><\/section><section class=\"kc-elm kc-css-657649 kc_row\"><div class=\"kc-row-container  kc-container\"><div class=\"kc-wrap-columns\"><div class=\"kc-elm kc-css-167487 kc_col-sm-12 kc_column kc_col-sm-12\"><div class=\"kc-col-container\"><div class=\"kc-elm kc-css-816664 kc_text_block\"><\/p>\n<p><strong>Mele yacht<\/strong> \u00e8 leader nella <strong>\u00a0commercializzazione di motor yacht di lusso<\/strong>, con un portafoglio unico di prestigiosi ed esclusivi marchi, tutti contraddistinti da caratteristiche uniche e fortemente complementari,<\/p>\n<p>\n<\/div><\/div><\/div><\/div><\/div><\/section><section class=\"kc-elm kc-css-784510 kc_row\"><div class=\"kc-row-container  kc-container\"><div class=\"kc-wrap-columns\"><div class=\"kc-elm kc-css-740772 kc_col-sm-6 kc_column kc_col-sm-6\"><div class=\"kc-col-container\"><div class=\"kc-elm kc-css-887394 kc_text_block\"><\/p>\n<p>Per comprare, vendere o semplicemente noleggiare una barca il nostro staff di esperti \u00e8 pronto a consigliarti ed aiutarti nella scelta pi\u00f9 adatta. La Mele Yacht \u00e8 la prima azienda da scegliere per affidare la vendita dellla vostra barca.<br \/>Tra i nostri servizi: valutazione yacht, trasporto yacht, usato garantito, leasing nautico, finanziamento nautico, noleggio yacht, charter, barche e gommoni usati, vendita barche a motore nuove e usate, vendita barche a vela nuove e usate.<br \/>Vieni a visionare il nostro usato garantito e compra ora la barca dei tuoi sogni.<br \/>Come amiamo dire: la scelta della soluzione pi\u00f9 adatta, rappresenter\u00e0 solo l&#039;inizio di una vacanza in mare che sar\u00e0 un&#039;esperienza indimenticabile.<\/p>\n<p>\n<\/div><\/div><\/div><div class=\"kc-elm kc-css-720497 kc_col-sm-6 kc_column kc_col-sm-6\"><div class=\"kc-col-container\"><div class=\"kc-elm kc-css-528384 kc_row kc_row_inner\"><div class=\"kc-elm kc-css-51105 kc_col-sm-6 kc_column_inner kc_col-sm-6\"><div class=\"kc_wrapper kc-col-inner-container\"><div class=\"kc-elm kc-css-423883\" style=\"height: 10px; clear: both; width:100%;\"><\/div><div class=\"kc-elm kc-css-937215 kc-animated kc-animate-eff-fadeInLeft kc_shortcode kc_single_image\">\n\n        <img src=\"https:\/\/www.meleyacht.it\/wp-content\/uploads\/2021\/12\/azienda3.jpg\" class=\"\" alt=\"\" \/>    <\/div>\n<div class=\"kc-elm kc-css-565957\" style=\"height: 10px; clear: both; width:100%;\"><\/div><div class=\"kc-elm kc-css-845593 kc-animated kc-animate-eff-fadeInRight kc_shortcode kc_single_image\">\n\n        <img src=\"https:\/\/www.meleyacht.it\/wp-content\/uploads\/2021\/12\/azienda5.jpg\" class=\"\" alt=\"\" \/>    <\/div>\n<\/div><\/div><div class=\"kc-elm kc-css-293645 kc_col-sm-6 kc_column_inner kc_col-sm-6\"><div class=\"kc_wrapper kc-col-inner-container\"><div class=\"kc-elm kc-css-951129\" style=\"height: 10px; clear: both; width:100%;\"><\/div><div class=\"kc-elm kc-css-968687 kc-animated kc-animate-eff-fadeInLeft kc_shortcode kc_single_image\">\n\n        <img src=\"https:\/\/www.meleyacht.it\/wp-content\/uploads\/2021\/12\/azienda4.jpg\" class=\"\" alt=\"\" \/>    <\/div>\n<div class=\"kc-elm kc-css-653320\" style=\"height: 10px; clear: both; width:100%;\"><\/div><div class=\"kc-elm kc-css-658714 kc-animated kc-animate-eff-fadeInRight kc_shortcode kc_single_image\">\n\n        <img src=\"https:\/\/www.meleyacht.it\/wp-content\/uploads\/2021\/12\/azienda6.jpg\" class=\"\" alt=\"\" \/>    <\/div>\n<\/div><\/div><\/div><\/div><\/div><\/div><\/div><\/section><section class=\"kc-elm kc-css-884173 kc_row\"><div class=\"kc-row-container  kc-container\"><div class=\"kc-wrap-columns\"><div class=\"kc-elm kc-css-941673 kc_col-sm-12 kc_column kc_col-sm-12\"><div class=\"kc-col-container\"><div class=\"kc-elm kc-css-561437\" style=\"height: 20px; clear: both; width:100%;\"><\/div><\/div><\/div><\/div><\/div><\/section><section class=\"kc-elm kc-css-826858 kc_row\"><div class=\"kc-row-container  kc-container\"><div class=\"kc-wrap-columns\"><\/div><\/div><\/section><\/p>\n","protected":false},"excerpt":{"rendered":"","protected":false},"author":1,"featured_media":0,"parent":0,"menu_order":0,"comment_status":"closed","ping_status":"closed","template":"page-templates\/page_fullwidth.php","meta":[],"_links":{"self":[{"href":"https:\/\/www.meleyacht.it\/index.php?rest_route=\/wp\/v2\/pages\/99"}],"collection":[{"href":"https:\/\/www.meleyacht.it\/index.php?rest_route=\/wp\/v2\/pages"}],"about":[{"href":"https:\/\/www.meleyacht.it\/index.php?rest_route=\/wp\/v2\/types\/page"}],"author":[{"embeddable":true,"href":"https:\/\/www.meleyacht.it\/index.php?rest_route=\/wp\/v2\/users\/1"}],"replies":[{"embeddable":true,"href":"https:\/\/www.meleyacht.it\/index.php?rest_route=%2Fwp%2Fv2%2Fcomments&post=99"}],"version-history":[{"count":56,"href":"https:\/\/www.meleyacht.it\/index.php?rest_route=\/wp\/v2\/pages\/99\/revisions"}],"predecessor-version":[{"id":1109,"href":"https:\/\/www.meleyacht.it\/index.php?rest_route=\/wp\/v2\/pages\/99\/revisions\/1109"}],"wp:attachment":[{"href":"https:\/\/www.meleyacht.it\/index.php?rest_route=%2Fwp%2Fv2%2Fmedia&parent=99"}],"curies":[{"name":"wp","href":"https:\/\/api.w.org\/{rel}","templated":true}]}}